{"id":1505,"date":"2022-05-16T17:39:11","date_gmt":"2022-05-16T15:39:11","guid":{"rendered":"https:\/\/stav-net.com\/?page_id=1505"},"modified":"2022-06-03T15:44:02","modified_gmt":"2022-06-03T13:44:02","slug":"salon-du-livre-geneve-israel-hote-dhonneur","status":"publish","type":"page","link":"https:\/\/stav-net.com\/en\/salon-du-livre-geneve-israel-hote-dhonneur\/","title":{"rendered":"Salon du livre Gen\u00e8ve &#8211; Isra\u00ebl h\u00f4te d&rsquo;honneur"},"content":{"rendered":"<div data-elementor-type=\"wp-page\" data-elementor-id=\"1505\" class=\"elementor elementor-1505\" data-elementor-post-type=\"page\">\n\t\t\t\t\t\t<section class=\"elementor-section elementor-top-section elementor-element elementor-element-4c85137 elementor-section-boxed elementor-section-height-default elementor-section-height-default\" data-id=\"4c85137\" data-element_type=\"section\" data-e-type=\"section\">\n\t\t\t\t\t\t<div class=\"elementor-container elementor-column-gap-default\">\n\t\t\t\t\t<div class=\"elementor-column elementor-col-100 elementor-top-column elementor-element elementor-element-b102e97\" data-id=\"b102e97\" data-element_type=\"column\" data-e-type=\"column\">\n\t\t\t<div class=\"elementor-widget-wrap elementor-element-populated\">\n\t\t\t\t\t\t<div class=\"elementor-element elementor-element-2a7ce7a elementor-widget elementor-widget-text-editor\" data-id=\"2a7ce7a\" data-element_type=\"widget\" data-e-type=\"widget\" data-widget_type=\"text-editor.default\">\n\t\t\t\t<div class=\"elementor-widget-container\">\n\t\t\t\t\t\t\t\t\t<p><span style=\"color: #1a2489;\"><strong>Salon du livre Gen\u00e8ve &#8211; Isra\u00ebl h\u00f4te d&rsquo;honneur 1998<\/strong><\/span><\/p>\t\t\t\t\t\t\t\t<\/div>\n\t\t\t\t<\/div>\n\t\t\t\t\t<\/div>\n\t\t<\/div>\n\t\t\t\t\t<\/div>\n\t\t<\/section>\n\t\t\t\t<section class=\"elementor-section elementor-top-section elementor-element elementor-element-7b45e9c elementor-section-boxed elementor-section-height-default elementor-section-height-default\" data-id=\"7b45e9c\" data-element_type=\"section\" data-e-type=\"section\">\n\t\t\t\t\t\t<div class=\"elementor-container elementor-column-gap-default\">\n\t\t\t\t\t<div class=\"elementor-column elementor-col-100 elementor-top-column elementor-element elementor-element-f5e0294\" data-id=\"f5e0294\" data-element_type=\"column\" data-e-type=\"column\">\n\t\t\t<div class=\"elementor-widget-wrap elementor-element-populated\">\n\t\t\t\t\t\t<div class=\"elementor-element elementor-element-e3db604 elementor-widget elementor-widget-gallery\" data-id=\"e3db604\" data-element_type=\"widget\" data-e-type=\"widget\" data-settings=\"{&quot;columns&quot;:1,&quot;image_hover_animation&quot;:&quot;grow&quot;,&quot;gallery_layout&quot;:&quot;masonry&quot;,&quot;lazyload&quot;:&quot;yes&quot;,&quot;columns_tablet&quot;:2,&quot;columns_mobile&quot;:1,&quot;gap&quot;:{&quot;unit&quot;:&quot;px&quot;,&quot;size&quot;:10,&quot;sizes&quot;:[]},&quot;gap_tablet&quot;:{&quot;unit&quot;:&quot;px&quot;,&quot;size&quot;:10,&quot;sizes&quot;:[]},&quot;gap_mobile&quot;:{&quot;unit&quot;:&quot;px&quot;,&quot;size&quot;:10,&quot;sizes&quot;:[]},&quot;link_to&quot;:&quot;file&quot;,&quot;overlay_background&quot;:&quot;yes&quot;,&quot;content_hover_animation&quot;:&quot;fade-in&quot;}\" data-widget_type=\"gallery.default\">\n\t\t\t\t<div class=\"elementor-widget-container\">\n\t\t\t\t\t\t\t<div class=\"elementor-gallery__container\">\n\t\t\t\t\t\t\t<a class=\"e-gallery-item elementor-gallery-item elementor-animated-content\" href=\"https:\/\/stav-net.com\/wp-content\/uploads\/2022\/05\/1.-Stand-Israel-Geneve-1998.jpg\" data-elementor-open-lightbox=\"yes\" data-elementor-lightbox-slideshow=\"e3db604\" data-elementor-lightbox-title=\"Microsoft Word - Stands Comment\u00e9s h\u00e9breu copie.doc\" data-e-action-hash=\"#elementor-action%3Aaction%3Dlightbox%26settings%3DeyJpZCI6MjI0OSwidXJsIjoiaHR0cHM6XC9cL3N0YXYtbmV0LmNvbVwvd3AtY29udGVudFwvdXBsb2Fkc1wvMjAyMlwvMDVcLzEuLVN0YW5kLUlzcmFlbC1HZW5ldmUtMTk5OC5qcGciLCJzbGlkZXNob3ciOiJlM2RiNjA0In0%3D\">\n\t\t\t\t\t<div class=\"e-gallery-image elementor-gallery-item__image\" data-thumbnail=\"https:\/\/stav-net.com\/wp-content\/uploads\/2022\/05\/1.-Stand-Israel-Geneve-1998.jpg\" data-width=\"2039\" data-height=\"1342\" aria-label=\"\" role=\"img\" ><\/div>\n\t\t\t\t\t\t\t\t\t\t\t<div class=\"elementor-gallery-item__overlay\"><\/div>\n\t\t\t\t\t\t\t\t\t\t\t\t\t\t<\/a>\n\t\t\t\t\t\t\t<a class=\"e-gallery-item elementor-gallery-item elementor-animated-content\" href=\"https:\/\/stav-net.com\/wp-content\/uploads\/2022\/05\/2.-Stand-Israel-Geneve-1998.jpg\" data-elementor-open-lightbox=\"yes\" data-elementor-lightbox-slideshow=\"e3db604\" data-elementor-lightbox-title=\"Microsoft Word - Stands Comment\u00e9s h\u00e9breu copie.doc\" data-e-action-hash=\"#elementor-action%3Aaction%3Dlightbox%26settings%3DeyJpZCI6MjI1MCwidXJsIjoiaHR0cHM6XC9cL3N0YXYtbmV0LmNvbVwvd3AtY29udGVudFwvdXBsb2Fkc1wvMjAyMlwvMDVcLzIuLVN0YW5kLUlzcmFlbC1HZW5ldmUtMTk5OC5qcGciLCJzbGlkZXNob3ciOiJlM2RiNjA0In0%3D\">\n\t\t\t\t\t<div class=\"e-gallery-image elementor-gallery-item__image\" data-thumbnail=\"https:\/\/stav-net.com\/wp-content\/uploads\/2022\/05\/2.-Stand-Israel-Geneve-1998.jpg\" data-width=\"2039\" data-height=\"1327\" aria-label=\"\" role=\"img\" ><\/div>\n\t\t\t\t\t\t\t\t\t\t\t<div class=\"elementor-gallery-item__overlay\"><\/div>\n\t\t\t\t\t\t\t\t\t\t\t\t\t\t<\/a>\n\t\t\t\t\t\t\t<a class=\"e-gallery-item elementor-gallery-item elementor-animated-content\" href=\"https:\/\/stav-net.com\/wp-content\/uploads\/2022\/05\/3.-Stand-Israel-Geneve-1998.jpg\" data-elementor-open-lightbox=\"yes\" data-elementor-lightbox-slideshow=\"e3db604\" data-elementor-lightbox-title=\"Microsoft Word - Stands Comment\u00e9s h\u00e9breu copie.doc\" data-e-action-hash=\"#elementor-action%3Aaction%3Dlightbox%26settings%3DeyJpZCI6MjI1MSwidXJsIjoiaHR0cHM6XC9cL3N0YXYtbmV0LmNvbVwvd3AtY29udGVudFwvdXBsb2Fkc1wvMjAyMlwvMDVcLzMuLVN0YW5kLUlzcmFlbC1HZW5ldmUtMTk5OC5qcGciLCJzbGlkZXNob3ciOiJlM2RiNjA0In0%3D\">\n\t\t\t\t\t<div class=\"e-gallery-image elementor-gallery-item__image\" data-thumbnail=\"https:\/\/stav-net.com\/wp-content\/uploads\/2022\/05\/3.-Stand-Israel-Geneve-1998.jpg\" data-width=\"2017\" data-height=\"1335\" aria-label=\"\" role=\"img\" ><\/div>\n\t\t\t\t\t\t\t\t\t\t\t<div class=\"elementor-gallery-item__overlay\"><\/div>\n\t\t\t\t\t\t\t\t\t\t\t\t\t\t<\/a>\n\t\t\t\t\t\t\t<a class=\"e-gallery-item elementor-gallery-item elementor-animated-content\" href=\"https:\/\/stav-net.com\/wp-content\/uploads\/2022\/05\/4.-Stand-Israel-Geneve-1998.jpg\" data-elementor-open-lightbox=\"yes\" data-elementor-lightbox-slideshow=\"e3db604\" data-elementor-lightbox-title=\"Microsoft Word - Stands Comment\u00e9s h\u00e9breu copie.doc\" data-e-action-hash=\"#elementor-action%3Aaction%3Dlightbox%26settings%3DeyJpZCI6MjI1MiwidXJsIjoiaHR0cHM6XC9cL3N0YXYtbmV0LmNvbVwvd3AtY29udGVudFwvdXBsb2Fkc1wvMjAyMlwvMDVcLzQuLVN0YW5kLUlzcmFlbC1HZW5ldmUtMTk5OC5qcGciLCJzbGlkZXNob3ciOiJlM2RiNjA0In0%3D\">\n\t\t\t\t\t<div class=\"e-gallery-image elementor-gallery-item__image\" data-thumbnail=\"https:\/\/stav-net.com\/wp-content\/uploads\/2022\/05\/4.-Stand-Israel-Geneve-1998.jpg\" data-width=\"2017\" data-height=\"1331\" aria-label=\"\" role=\"img\" ><\/div>\n\t\t\t\t\t\t\t\t\t\t\t<div class=\"elementor-gallery-item__overlay\"><\/div>\n\t\t\t\t\t\t\t\t\t\t\t\t\t\t<\/a>\n\t\t\t\t\t\t\t<a class=\"e-gallery-item elementor-gallery-item elementor-animated-content\" href=\"https:\/\/stav-net.com\/wp-content\/uploads\/2022\/05\/5.-Stand-Israel-Geneve-1998.jpg\" data-elementor-open-lightbox=\"yes\" data-elementor-lightbox-slideshow=\"e3db604\" data-elementor-lightbox-title=\"Microsoft Word - Stands Comment\u00e9s h\u00e9breu copie.doc\" data-e-action-hash=\"#elementor-action%3Aaction%3Dlightbox%26settings%3DeyJpZCI6MjI0MywidXJsIjoiaHR0cHM6XC9cL3N0YXYtbmV0LmNvbVwvd3AtY29udGVudFwvdXBsb2Fkc1wvMjAyMlwvMDVcLzUuLVN0YW5kLUlzcmFlbC1HZW5ldmUtMTk5OC5qcGciLCJzbGlkZXNob3ciOiJlM2RiNjA0In0%3D\">\n\t\t\t\t\t<div class=\"e-gallery-image elementor-gallery-item__image\" data-thumbnail=\"https:\/\/stav-net.com\/wp-content\/uploads\/2022\/05\/5.-Stand-Israel-Geneve-1998.jpg\" data-width=\"2046\" data-height=\"1347\" aria-label=\"\" role=\"img\" ><\/div>\n\t\t\t\t\t\t\t\t\t\t\t<div class=\"elementor-gallery-item__overlay\"><\/div>\n\t\t\t\t\t\t\t\t\t\t\t\t\t\t<\/a>\n\t\t\t\t\t\t\t<a class=\"e-gallery-item elementor-gallery-item elementor-animated-content\" href=\"https:\/\/stav-net.com\/wp-content\/uploads\/2022\/05\/6.-Stand-Israel-Geneve-1998.jpg\" data-elementor-open-lightbox=\"yes\" data-elementor-lightbox-slideshow=\"e3db604\" data-elementor-lightbox-title=\"Microsoft Word - Stands Comment\u00e9s h\u00e9breu copie.doc\" data-e-action-hash=\"#elementor-action%3Aaction%3Dlightbox%26settings%3DeyJpZCI6MjI2NSwidXJsIjoiaHR0cHM6XC9cL3N0YXYtbmV0LmNvbVwvd3AtY29udGVudFwvdXBsb2Fkc1wvMjAyMlwvMDVcLzYuLVN0YW5kLUlzcmFlbC1HZW5ldmUtMTk5OC5qcGciLCJzbGlkZXNob3ciOiJlM2RiNjA0In0%3D\">\n\t\t\t\t\t<div class=\"e-gallery-image elementor-gallery-item__image\" data-thumbnail=\"https:\/\/stav-net.com\/wp-content\/uploads\/2022\/05\/6.-Stand-Israel-Geneve-1998.jpg\" data-width=\"2024\" data-height=\"1339\" aria-label=\"\" role=\"img\" ><\/div>\n\t\t\t\t\t\t\t\t\t\t\t<div class=\"elementor-gallery-item__overlay\"><\/div>\n\t\t\t\t\t\t\t\t\t\t\t\t\t\t<\/a>\n\t\t\t\t\t\t\t<a class=\"e-gallery-item elementor-gallery-item elementor-animated-content\" href=\"https:\/\/stav-net.com\/wp-content\/uploads\/2022\/05\/7.-Stand-Israel-Geneve-1998.jpg\" data-elementor-open-lightbox=\"yes\" data-elementor-lightbox-slideshow=\"e3db604\" data-elementor-lightbox-title=\"Microsoft Word - Stands Comment\u00e9s h\u00e9breu copie.doc\" data-e-action-hash=\"#elementor-action%3Aaction%3Dlightbox%26settings%3DeyJpZCI6MjI0NCwidXJsIjoiaHR0cHM6XC9cL3N0YXYtbmV0LmNvbVwvd3AtY29udGVudFwvdXBsb2Fkc1wvMjAyMlwvMDVcLzcuLVN0YW5kLUlzcmFlbC1HZW5ldmUtMTk5OC5qcGciLCJzbGlkZXNob3ciOiJlM2RiNjA0In0%3D\">\n\t\t\t\t\t<div class=\"e-gallery-image elementor-gallery-item__image\" data-thumbnail=\"https:\/\/stav-net.com\/wp-content\/uploads\/2022\/05\/7.-Stand-Israel-Geneve-1998.jpg\" data-width=\"2030\" data-height=\"1317\" aria-label=\"\" role=\"img\" ><\/div>\n\t\t\t\t\t\t\t\t\t\t\t<div class=\"elementor-gallery-item__overlay\"><\/div>\n\t\t\t\t\t\t\t\t\t\t\t\t\t\t<\/a>\n\t\t\t\t\t\t\t<a class=\"e-gallery-item elementor-gallery-item elementor-animated-content\" href=\"https:\/\/stav-net.com\/wp-content\/uploads\/2022\/05\/8.-Stand-Israel-Geneve-1998.jpg\" data-elementor-open-lightbox=\"yes\" data-elementor-lightbox-slideshow=\"e3db604\" data-elementor-lightbox-title=\"Microsoft Word - Stands Comment\u00e9s h\u00e9breu copie.doc\" data-e-action-hash=\"#elementor-action%3Aaction%3Dlightbox%26settings%3DeyJpZCI6MjI0NSwidXJsIjoiaHR0cHM6XC9cL3N0YXYtbmV0LmNvbVwvd3AtY29udGVudFwvdXBsb2Fkc1wvMjAyMlwvMDVcLzguLVN0YW5kLUlzcmFlbC1HZW5ldmUtMTk5OC5qcGciLCJzbGlkZXNob3ciOiJlM2RiNjA0In0%3D\">\n\t\t\t\t\t<div class=\"e-gallery-image elementor-gallery-item__image\" data-thumbnail=\"https:\/\/stav-net.com\/wp-content\/uploads\/2022\/05\/8.-Stand-Israel-Geneve-1998.jpg\" data-width=\"2053\" data-height=\"1350\" aria-label=\"\" role=\"img\" ><\/div>\n\t\t\t\t\t\t\t\t\t\t\t<div class=\"elementor-gallery-item__overlay\"><\/div>\n\t\t\t\t\t\t\t\t\t\t\t\t\t\t<\/a>\n\t\t\t\t\t\t\t<a class=\"e-gallery-item elementor-gallery-item elementor-animated-content\" href=\"https:\/\/stav-net.com\/wp-content\/uploads\/2022\/05\/9.-Stand-Israel-Geneve-1998.jpg\" data-elementor-open-lightbox=\"yes\" data-elementor-lightbox-slideshow=\"e3db604\" data-elementor-lightbox-title=\"Microsoft Word - Stands Comment\u00e9s h\u00e9breu copie.doc\" data-e-action-hash=\"#elementor-action%3Aaction%3Dlightbox%26settings%3DeyJpZCI6MjI0NiwidXJsIjoiaHR0cHM6XC9cL3N0YXYtbmV0LmNvbVwvd3AtY29udGVudFwvdXBsb2Fkc1wvMjAyMlwvMDVcLzkuLVN0YW5kLUlzcmFlbC1HZW5ldmUtMTk5OC5qcGciLCJzbGlkZXNob3ciOiJlM2RiNjA0In0%3D\">\n\t\t\t\t\t<div class=\"e-gallery-image elementor-gallery-item__image\" data-thumbnail=\"https:\/\/stav-net.com\/wp-content\/uploads\/2022\/05\/9.-Stand-Israel-Geneve-1998.jpg\" data-width=\"2043\" data-height=\"1350\" aria-label=\"\" role=\"img\" ><\/div>\n\t\t\t\t\t\t\t\t\t\t\t<div class=\"elementor-gallery-item__overlay\"><\/div>\n\t\t\t\t\t\t\t\t\t\t\t\t\t\t<\/a>\n\t\t\t\t\t\t\t<a class=\"e-gallery-item elementor-gallery-item elementor-animated-content\" href=\"https:\/\/stav-net.com\/wp-content\/uploads\/2022\/05\/10.-Stand-Israel-Geneve-1998.jpg\" data-elementor-open-lightbox=\"yes\" data-elementor-lightbox-slideshow=\"e3db604\" data-elementor-lightbox-title=\"Microsoft Word - Stands Comment\u00e9s h\u00e9breu copie.doc\" data-e-action-hash=\"#elementor-action%3Aaction%3Dlightbox%26settings%3DeyJpZCI6MjI0NywidXJsIjoiaHR0cHM6XC9cL3N0YXYtbmV0LmNvbVwvd3AtY29udGVudFwvdXBsb2Fkc1wvMjAyMlwvMDVcLzEwLi1TdGFuZC1Jc3JhZWwtR2VuZXZlLTE5OTguanBnIiwic2xpZGVzaG93IjoiZTNkYjYwNCJ9\">\n\t\t\t\t\t<div class=\"e-gallery-image elementor-gallery-item__image\" data-thumbnail=\"https:\/\/stav-net.com\/wp-content\/uploads\/2022\/05\/10.-Stand-Israel-Geneve-1998.jpg\" data-width=\"2032\" data-height=\"1327\" aria-label=\"\" role=\"img\" ><\/div>\n\t\t\t\t\t\t\t\t\t\t\t<div class=\"elementor-gallery-item__overlay\"><\/div>\n\t\t\t\t\t\t\t\t\t\t\t\t\t\t<\/a>\n\t\t\t\t\t\t\t<a class=\"e-gallery-item elementor-gallery-item elementor-animated-content\" href=\"https:\/\/stav-net.com\/wp-content\/uploads\/2022\/05\/Lettre-Ministere-Salon-Geneve.jpg\" data-elementor-open-lightbox=\"yes\" data-elementor-lightbox-slideshow=\"e3db604\" data-elementor-lightbox-title=\"Lettre Minist\u00e8re - Salon Gen\u00e8ve\" data-e-action-hash=\"#elementor-action%3Aaction%3Dlightbox%26settings%3DeyJpZCI6MjI0OCwidXJsIjoiaHR0cHM6XC9cL3N0YXYtbmV0LmNvbVwvd3AtY29udGVudFwvdXBsb2Fkc1wvMjAyMlwvMDVcL0xldHRyZS1NaW5pc3RlcmUtU2Fsb24tR2VuZXZlLmpwZyIsInNsaWRlc2hvdyI6ImUzZGI2MDQifQ%3D%3D\">\n\t\t\t\t\t<div class=\"e-gallery-image elementor-gallery-item__image\" data-thumbnail=\"https:\/\/stav-net.com\/wp-content\/uploads\/2022\/05\/Lettre-Ministere-Salon-Geneve.jpg\" data-width=\"1654\" data-height=\"2338\" aria-label=\"\" role=\"img\" ><\/div>\n\t\t\t\t\t\t\t\t\t\t\t<div class=\"elementor-gallery-item__overlay\"><\/div>\n\t\t\t\t\t\t\t\t\t\t\t\t\t\t<\/a>\n\t\t\t\t\t\t\t<a class=\"e-gallery-item elementor-gallery-item elementor-animated-content\" href=\"https:\/\/stav-net.com\/wp-content\/uploads\/2022\/05\/Image24.jpg\" data-elementor-open-lightbox=\"yes\" data-elementor-lightbox-slideshow=\"e3db604\" data-elementor-lightbox-title=\"Image24\" data-e-action-hash=\"#elementor-action%3Aaction%3Dlightbox%26settings%3DeyJpZCI6MzUzMiwidXJsIjoiaHR0cHM6XC9cL3N0YXYtbmV0LmNvbVwvd3AtY29udGVudFwvdXBsb2Fkc1wvMjAyMlwvMDVcL0ltYWdlMjQuanBnIiwic2xpZGVzaG93IjoiZTNkYjYwNCJ9\">\n\t\t\t\t\t<div class=\"e-gallery-image elementor-gallery-item__image\" data-thumbnail=\"https:\/\/stav-net.com\/wp-content\/uploads\/2022\/05\/Image24.jpg\" data-width=\"1386\" data-height=\"1700\" aria-label=\"\" role=\"img\" ><\/div>\n\t\t\t\t\t\t\t\t\t\t\t<div class=\"elementor-gallery-item__overlay\"><\/div>\n\t\t\t\t\t\t\t\t\t\t\t\t\t\t<\/a>\n\t\t\t\t\t\t\t<a class=\"e-gallery-item elementor-gallery-item elementor-animated-content\" href=\"https:\/\/stav-net.com\/wp-content\/uploads\/2022\/05\/Image26.jpg\" data-elementor-open-lightbox=\"yes\" data-elementor-lightbox-slideshow=\"e3db604\" data-elementor-lightbox-title=\"Image26\" data-e-action-hash=\"#elementor-action%3Aaction%3Dlightbox%26settings%3DeyJpZCI6MzU0NCwidXJsIjoiaHR0cHM6XC9cL3N0YXYtbmV0LmNvbVwvd3AtY29udGVudFwvdXBsb2Fkc1wvMjAyMlwvMDVcL0ltYWdlMjYuanBnIiwic2xpZGVzaG93IjoiZTNkYjYwNCJ9\">\n\t\t\t\t\t<div class=\"e-gallery-image elementor-gallery-item__image\" data-thumbnail=\"https:\/\/stav-net.com\/wp-content\/uploads\/2022\/05\/Image26.jpg\" data-width=\"945\" data-height=\"1608\" aria-label=\"\" role=\"img\" ><\/div>\n\t\t\t\t\t\t\t\t\t\t\t<div class=\"elementor-gallery-item__overlay\"><\/div>\n\t\t\t\t\t\t\t\t\t\t\t\t\t\t<\/a>\n\t\t\t\t\t\t\t<a class=\"e-gallery-item elementor-gallery-item elementor-animated-content\" href=\"https:\/\/stav-net.com\/wp-content\/uploads\/2022\/05\/Image27.jpg\" data-elementor-open-lightbox=\"yes\" data-elementor-lightbox-slideshow=\"e3db604\" data-elementor-lightbox-title=\"Image27\" data-e-action-hash=\"#elementor-action%3Aaction%3Dlightbox%26settings%3DeyJpZCI6MzU0NSwidXJsIjoiaHR0cHM6XC9cL3N0YXYtbmV0LmNvbVwvd3AtY29udGVudFwvdXBsb2Fkc1wvMjAyMlwvMDVcL0ltYWdlMjcuanBnIiwic2xpZGVzaG93IjoiZTNkYjYwNCJ9\">\n\t\t\t\t\t<div class=\"e-gallery-image elementor-gallery-item__image\" data-thumbnail=\"https:\/\/stav-net.com\/wp-content\/uploads\/2022\/05\/Image27.jpg\" data-width=\"856\" data-height=\"2047\" aria-label=\"\" role=\"img\" ><\/div>\n\t\t\t\t\t\t\t\t\t\t\t<div class=\"elementor-gallery-item__overlay\"><\/div>\n\t\t\t\t\t\t\t\t\t\t\t\t\t\t<\/a>\n\t\t\t\t\t\t\t<a class=\"e-gallery-item elementor-gallery-item elementor-animated-content\" href=\"https:\/\/stav-net.com\/wp-content\/uploads\/2022\/05\/Image28.jpg\" data-elementor-open-lightbox=\"yes\" data-elementor-lightbox-slideshow=\"e3db604\" data-elementor-lightbox-title=\"Image28\" data-e-action-hash=\"#elementor-action%3Aaction%3Dlightbox%26settings%3DeyJpZCI6MzU0NiwidXJsIjoiaHR0cHM6XC9cL3N0YXYtbmV0LmNvbVwvd3AtY29udGVudFwvdXBsb2Fkc1wvMjAyMlwvMDVcL0ltYWdlMjguanBnIiwic2xpZGVzaG93IjoiZTNkYjYwNCJ9\">\n\t\t\t\t\t<div class=\"e-gallery-image elementor-gallery-item__image\" data-thumbnail=\"https:\/\/stav-net.com\/wp-content\/uploads\/2022\/05\/Image28.jpg\" data-width=\"1246\" data-height=\"2083\" aria-label=\"\" role=\"img\" ><\/div>\n\t\t\t\t\t\t\t\t\t\t\t<div class=\"elementor-gallery-item__overlay\"><\/div>\n\t\t\t\t\t\t\t\t\t\t\t\t\t\t<\/a>\n\t\t\t\t\t<\/div>\n\t\t\t\t\t<\/div>\n\t\t\t\t<\/div>\n\t\t\t\t\t<\/div>\n\t\t<\/div>\n\t\t\t\t\t<\/div>\n\t\t<\/section>\n\t\t\t\t<\/div>","protected":false},"excerpt":{"rendered":"<p>Salon du livre Gen\u00e8ve &#8211; Isra\u00ebl h\u00f4te d&rsquo;honneur 1998<\/p>","protected":false},"author":1,"featured_media":0,"parent":0,"menu_order":0,"comment_status":"closed","ping_status":"closed","template":"","meta":{"_acf_changed":false,"_coblocks_attr":"","_coblocks_dimensions":"","_coblocks_responsive_height":"","_coblocks_accordion_ie_support":"","footnotes":""},"class_list":["post-1505","page","type-page","status-publish","hentry"],"acf":[],"yoast_head":"<!-- This site is optimized with the Yoast SEO plugin v27.4 - https:\/\/yoast.com\/product\/yoast-seo-wordpress\/ -->\n<title>Salon du livre Gen\u00e8ve - Isra\u00ebl h\u00f4te d&#039;honneur - StavNet<\/title>\n<meta name=\"robots\" content=\"index, follow, max-snippet:-1, max-image-preview:large, max-video-preview:-1\" \/>\n<link rel=\"canonical\" href=\"https:\/\/stav-net.com\/en\/salon-du-livre-geneve-israel-hote-dhonneur\/\" \/>\n<meta property=\"og:locale\" content=\"en_GB\" \/>\n<meta property=\"og:type\" content=\"article\" \/>\n<meta property=\"og:title\" content=\"Salon du livre Gen\u00e8ve - Isra\u00ebl h\u00f4te d&#039;honneur - StavNet\" \/>\n<meta property=\"og:description\" content=\"Salon du livre Gen\u00e8ve &#8211; Isra\u00ebl h\u00f4te d&rsquo;honneur 1998\" \/>\n<meta property=\"og:url\" content=\"https:\/\/stav-net.com\/en\/salon-du-livre-geneve-israel-hote-dhonneur\/\" \/>\n<meta property=\"og:site_name\" content=\"StavNet\" \/>\n<meta property=\"article:modified_time\" content=\"2022-06-03T13:44:02+00:00\" \/>\n<meta name=\"twitter:card\" content=\"summary_large_image\" \/>\n<meta name=\"twitter:label1\" content=\"Estimated reading time\" \/>\n\t<meta name=\"twitter:data1\" content=\"1 minute\" \/>\n<script type=\"application\/ld+json\" class=\"yoast-schema-graph\">{\"@context\":\"https:\\\/\\\/schema.org\",\"@graph\":[{\"@type\":\"WebPage\",\"@id\":\"https:\\\/\\\/stav-net.com\\\/salon-du-livre-geneve-israel-hote-dhonneur\\\/\",\"url\":\"https:\\\/\\\/stav-net.com\\\/salon-du-livre-geneve-israel-hote-dhonneur\\\/\",\"name\":\"Salon du livre Gen\u00e8ve - Isra\u00ebl h\u00f4te d'honneur - StavNet\",\"isPartOf\":{\"@id\":\"https:\\\/\\\/stav-net.com\\\/#website\"},\"datePublished\":\"2022-05-16T15:39:11+00:00\",\"dateModified\":\"2022-06-03T13:44:02+00:00\",\"breadcrumb\":{\"@id\":\"https:\\\/\\\/stav-net.com\\\/salon-du-livre-geneve-israel-hote-dhonneur\\\/#breadcrumb\"},\"inLanguage\":\"en-GB\",\"potentialAction\":[{\"@type\":\"ReadAction\",\"target\":[\"https:\\\/\\\/stav-net.com\\\/salon-du-livre-geneve-israel-hote-dhonneur\\\/\"]}]},{\"@type\":\"BreadcrumbList\",\"@id\":\"https:\\\/\\\/stav-net.com\\\/salon-du-livre-geneve-israel-hote-dhonneur\\\/#breadcrumb\",\"itemListElement\":[{\"@type\":\"ListItem\",\"position\":1,\"name\":\"Accueil\",\"item\":\"https:\\\/\\\/stav-net.com\\\/\"},{\"@type\":\"ListItem\",\"position\":2,\"name\":\"Salon du livre Gen\u00e8ve &#8211; Isra\u00ebl h\u00f4te d&rsquo;honneur\"}]},{\"@type\":\"WebSite\",\"@id\":\"https:\\\/\\\/stav-net.com\\\/#website\",\"url\":\"https:\\\/\\\/stav-net.com\\\/\",\"name\":\"StavNet\",\"description\":\"Just another WordPress site\",\"potentialAction\":[{\"@type\":\"SearchAction\",\"target\":{\"@type\":\"EntryPoint\",\"urlTemplate\":\"https:\\\/\\\/stav-net.com\\\/?s={search_term_string}\"},\"query-input\":{\"@type\":\"PropertyValueSpecification\",\"valueRequired\":true,\"valueName\":\"search_term_string\"}}],\"inLanguage\":\"en-GB\"}]}<\/script>\n<!-- \/ Yoast SEO plugin. -->","yoast_head_json":{"title":"Salon du livre Gen\u00e8ve - Isra\u00ebl h\u00f4te d'honneur - StavNet","robots":{"index":"index","follow":"follow","max-snippet":"max-snippet:-1","max-image-preview":"max-image-preview:large","max-video-preview":"max-video-preview:-1"},"canonical":"https:\/\/stav-net.com\/en\/salon-du-livre-geneve-israel-hote-dhonneur\/","og_locale":"en_GB","og_type":"article","og_title":"Salon du livre Gen\u00e8ve - Isra\u00ebl h\u00f4te d'honneur - StavNet","og_description":"Salon du livre Gen\u00e8ve &#8211; Isra\u00ebl h\u00f4te d&rsquo;honneur 1998","og_url":"https:\/\/stav-net.com\/en\/salon-du-livre-geneve-israel-hote-dhonneur\/","og_site_name":"StavNet","article_modified_time":"2022-06-03T13:44:02+00:00","twitter_card":"summary_large_image","twitter_misc":{"Estimated reading time":"1 minute"},"schema":{"@context":"https:\/\/schema.org","@graph":[{"@type":"WebPage","@id":"https:\/\/stav-net.com\/salon-du-livre-geneve-israel-hote-dhonneur\/","url":"https:\/\/stav-net.com\/salon-du-livre-geneve-israel-hote-dhonneur\/","name":"Salon du livre Gen\u00e8ve - Isra\u00ebl h\u00f4te d'honneur - StavNet","isPartOf":{"@id":"https:\/\/stav-net.com\/#website"},"datePublished":"2022-05-16T15:39:11+00:00","dateModified":"2022-06-03T13:44:02+00:00","breadcrumb":{"@id":"https:\/\/stav-net.com\/salon-du-livre-geneve-israel-hote-dhonneur\/#breadcrumb"},"inLanguage":"en-GB","potentialAction":[{"@type":"ReadAction","target":["https:\/\/stav-net.com\/salon-du-livre-geneve-israel-hote-dhonneur\/"]}]},{"@type":"BreadcrumbList","@id":"https:\/\/stav-net.com\/salon-du-livre-geneve-israel-hote-dhonneur\/#breadcrumb","itemListElement":[{"@type":"ListItem","position":1,"name":"Accueil","item":"https:\/\/stav-net.com\/"},{"@type":"ListItem","position":2,"name":"Salon du livre Gen\u00e8ve &#8211; Isra\u00ebl h\u00f4te d&rsquo;honneur"}]},{"@type":"WebSite","@id":"https:\/\/stav-net.com\/#website","url":"https:\/\/stav-net.com\/","name":"StavNet","description":"Just another WordPress site","potentialAction":[{"@type":"SearchAction","target":{"@type":"EntryPoint","urlTemplate":"https:\/\/stav-net.com\/?s={search_term_string}"},"query-input":{"@type":"PropertyValueSpecification","valueRequired":true,"valueName":"search_term_string"}}],"inLanguage":"en-GB"}]}},"_links":{"self":[{"href":"https:\/\/stav-net.com\/en\/wp-json\/wp\/v2\/pages\/1505","targetHints":{"allow":["GET"]}}],"collection":[{"href":"https:\/\/stav-net.com\/en\/wp-json\/wp\/v2\/pages"}],"about":[{"href":"https:\/\/stav-net.com\/en\/wp-json\/wp\/v2\/types\/page"}],"author":[{"embeddable":true,"href":"https:\/\/stav-net.com\/en\/wp-json\/wp\/v2\/users\/1"}],"replies":[{"embeddable":true,"href":"https:\/\/stav-net.com\/en\/wp-json\/wp\/v2\/comments?post=1505"}],"version-history":[{"count":44,"href":"https:\/\/stav-net.com\/en\/wp-json\/wp\/v2\/pages\/1505\/revisions"}],"predecessor-version":[{"id":4122,"href":"https:\/\/stav-net.com\/en\/wp-json\/wp\/v2\/pages\/1505\/revisions\/4122"}],"wp:attachment":[{"href":"https:\/\/stav-net.com\/en\/wp-json\/wp\/v2\/media?parent=1505"}],"curies":[{"name":"wp","href":"https:\/\/api.w.org\/{rel}","templated":true}]}}