{"id":1916,"date":"2022-05-20T12:53:31","date_gmt":"2022-05-20T10:53:31","guid":{"rendered":"https:\/\/stav-net.com\/?page_id=1916"},"modified":"2022-06-16T15:50:08","modified_gmt":"2022-06-16T13:50:08","slug":"telecommunication","status":"publish","type":"page","link":"https:\/\/stav-net.com\/en\/telecommunication\/","title":{"rendered":"Telecommunications"},"content":{"rendered":"<div data-elementor-type=\"wp-page\" data-elementor-id=\"1916\" class=\"elementor elementor-1916\" data-elementor-post-type=\"page\">\n\t\t\t\t\t\t<section class=\"elementor-section elementor-top-section elementor-element elementor-element-e1cc72a elementor-section-boxed elementor-section-height-default elementor-section-height-default\" data-id=\"e1cc72a\" data-element_type=\"section\" data-e-type=\"section\">\n\t\t\t\t\t\t<div class=\"elementor-container elementor-column-gap-default\">\n\t\t\t\t\t<div class=\"elementor-column elementor-col-100 elementor-top-column elementor-element elementor-element-b714465\" data-id=\"b714465\" data-element_type=\"column\" data-e-type=\"column\">\n\t\t\t<div class=\"elementor-widget-wrap elementor-element-populated\">\n\t\t\t\t\t\t<div class=\"elementor-element elementor-element-587f001 elementor-widget elementor-widget-text-editor\" data-id=\"587f001\" data-element_type=\"widget\" data-e-type=\"widget\" data-widget_type=\"text-editor.default\">\n\t\t\t\t<div class=\"elementor-widget-container\">\n\t\t\t\t\t\t\t\t\t<p><strong>Telecommunications<\/strong><\/p>\t\t\t\t\t\t\t\t<\/div>\n\t\t\t\t<\/div>\n\t\t\t\t\t<\/div>\n\t\t<\/div>\n\t\t\t\t\t<\/div>\n\t\t<\/section>\n\t\t\t\t<section class=\"elementor-section elementor-top-section elementor-element elementor-element-0d691b8 elementor-section-boxed elementor-section-height-default elementor-section-height-default\" data-id=\"0d691b8\" data-element_type=\"section\" data-e-type=\"section\">\n\t\t\t\t\t\t<div class=\"elementor-container elementor-column-gap-default\">\n\t\t\t\t\t<div class=\"elementor-column elementor-col-100 elementor-top-column elementor-element elementor-element-65e6f9b\" data-id=\"65e6f9b\" data-element_type=\"column\" data-e-type=\"column\">\n\t\t\t<div class=\"elementor-widget-wrap elementor-element-populated\">\n\t\t\t\t\t\t<div class=\"elementor-element elementor-element-0e74cfc elementor-widget elementor-widget-gallery\" data-id=\"0e74cfc\" data-element_type=\"widget\" data-e-type=\"widget\" data-settings=\"{&quot;gallery_layout&quot;:&quot;masonry&quot;,&quot;columns&quot;:1,&quot;gap&quot;:{&quot;unit&quot;:&quot;px&quot;,&quot;size&quot;:30,&quot;sizes&quot;:[]},&quot;lazyload&quot;:&quot;yes&quot;,&quot;columns_tablet&quot;:2,&quot;columns_mobile&quot;:1,&quot;gap_tablet&quot;:{&quot;unit&quot;:&quot;px&quot;,&quot;size&quot;:10,&quot;sizes&quot;:[]},&quot;gap_mobile&quot;:{&quot;unit&quot;:&quot;px&quot;,&quot;size&quot;:10,&quot;sizes&quot;:[]},&quot;link_to&quot;:&quot;file&quot;,&quot;overlay_background&quot;:&quot;yes&quot;,&quot;content_hover_animation&quot;:&quot;fade-in&quot;}\" data-widget_type=\"gallery.default\">\n\t\t\t\t<div class=\"elementor-widget-container\">\n\t\t\t\t\t\t\t<div class=\"elementor-gallery__container\">\n\t\t\t\t\t\t\t<a class=\"e-gallery-item elementor-gallery-item elementor-animated-content\" href=\"https:\/\/stav-net.com\/wp-content\/uploads\/2022\/06\/4.-Technical-bools-Local-communication_page-0001.jpg\" data-elementor-open-lightbox=\"yes\" data-elementor-lightbox-slideshow=\"0e74cfc\" data-elementor-lightbox-title=\"4. Technical bools - Local communication_page-0001\" data-e-action-hash=\"#elementor-action%3Aaction%3Dlightbox%26settings%3DeyJpZCI6NDE5NSwidXJsIjoiaHR0cHM6XC9cL3N0YXYtbmV0LmNvbVwvd3AtY29udGVudFwvdXBsb2Fkc1wvMjAyMlwvMDZcLzQuLVRlY2huaWNhbC1ib29scy1Mb2NhbC1jb21tdW5pY2F0aW9uX3BhZ2UtMDAwMS5qcGciLCJzbGlkZXNob3ciOiIwZTc0Y2ZjIn0%3D\">\n\t\t\t\t\t<div class=\"e-gallery-image elementor-gallery-item__image\" data-thumbnail=\"https:\/\/stav-net.com\/wp-content\/uploads\/2022\/06\/4.-Technical-bools-Local-communication_page-0001.jpg\" data-width=\"591\" data-height=\"724\" aria-label=\"\" role=\"img\" ><\/div>\n\t\t\t\t\t\t\t\t\t\t\t<div class=\"elementor-gallery-item__overlay\"><\/div>\n\t\t\t\t\t\t\t\t\t\t\t\t\t\t<\/a>\n\t\t\t\t\t\t\t<a class=\"e-gallery-item elementor-gallery-item elementor-animated-content\" href=\"https:\/\/stav-net.com\/wp-content\/uploads\/2022\/06\/5.-Technical-bools-Local-communication-principles-and-structures_page-0001.jpg\" data-elementor-open-lightbox=\"yes\" data-elementor-lightbox-slideshow=\"0e74cfc\" data-elementor-lightbox-title=\"5. Technical bools - Local communication - principles and structures_page-0001\" data-e-action-hash=\"#elementor-action%3Aaction%3Dlightbox%26settings%3DeyJpZCI6NDIwMCwidXJsIjoiaHR0cHM6XC9cL3N0YXYtbmV0LmNvbVwvd3AtY29udGVudFwvdXBsb2Fkc1wvMjAyMlwvMDZcLzUuLVRlY2huaWNhbC1ib29scy1Mb2NhbC1jb21tdW5pY2F0aW9uLXByaW5jaXBsZXMtYW5kLXN0cnVjdHVyZXNfcGFnZS0wMDAxLmpwZyIsInNsaWRlc2hvdyI6IjBlNzRjZmMifQ%3D%3D\">\n\t\t\t\t\t<div class=\"e-gallery-image elementor-gallery-item__image\" data-thumbnail=\"https:\/\/stav-net.com\/wp-content\/uploads\/2022\/06\/5.-Technical-bools-Local-communication-principles-and-structures_page-0001.jpg\" data-width=\"1231\" data-height=\"1589\" aria-label=\"\" role=\"img\" ><\/div>\n\t\t\t\t\t\t\t\t\t\t\t<div class=\"elementor-gallery-item__overlay\"><\/div>\n\t\t\t\t\t\t\t\t\t\t\t\t\t\t<\/a>\n\t\t\t\t\t\t\t<a class=\"e-gallery-item elementor-gallery-item elementor-animated-content\" href=\"https:\/\/stav-net.com\/wp-content\/uploads\/2022\/06\/Recommandation-directeur-Bezek.jpg\" data-elementor-open-lightbox=\"yes\" data-elementor-lightbox-slideshow=\"0e74cfc\" data-elementor-lightbox-title=\"Recommandation-directeur-Bezek\" data-e-action-hash=\"#elementor-action%3Aaction%3Dlightbox%26settings%3DeyJpZCI6NDE5NiwidXJsIjoiaHR0cHM6XC9cL3N0YXYtbmV0LmNvbVwvd3AtY29udGVudFwvdXBsb2Fkc1wvMjAyMlwvMDZcL1JlY29tbWFuZGF0aW9uLWRpcmVjdGV1ci1CZXplay5qcGciLCJzbGlkZXNob3ciOiIwZTc0Y2ZjIn0%3D\">\n\t\t\t\t\t<div class=\"e-gallery-image elementor-gallery-item__image\" data-thumbnail=\"https:\/\/stav-net.com\/wp-content\/uploads\/2022\/06\/Recommandation-directeur-Bezek.jpg\" data-width=\"1654\" data-height=\"2338\" aria-label=\"\" role=\"img\" ><\/div>\n\t\t\t\t\t\t\t\t\t\t\t<div class=\"elementor-gallery-item__overlay\"><\/div>\n\t\t\t\t\t\t\t\t\t\t\t\t\t\t<\/a>\n\t\t\t\t\t\t\t<a class=\"e-gallery-item elementor-gallery-item elementor-animated-content\" href=\"https:\/\/stav-net.com\/wp-content\/uploads\/2022\/06\/\u05de\u05d9\u05db\u05d0\u05dc-\u05e4\u05e8\u05d9\u05d0\u05e0\u05d8\u05d4-\u05d1\u05de\u05e8\u05db\u05d6\u05d9\u05ea-\u05e7\u05e8\u05d9\u05ea-\u05d9\u05d5\u05d1\u05dc-1973.jpg\" data-elementor-open-lightbox=\"yes\" data-elementor-lightbox-slideshow=\"0e74cfc\" data-elementor-lightbox-title=\"\u05de\u05d9\u05db\u05d0\u05dc \u05e4\u05e8\u05d9\u05d0\u05e0\u05d8\u05d4 - \u05d1\u05de\u05e8\u05db\u05d6\u05d9\u05ea \u05e7\u05e8\u05d9\u05ea \u05d9\u05d5\u05d1\u05dc 1973\" data-e-action-hash=\"#elementor-action%3Aaction%3Dlightbox%26settings%3DeyJpZCI6NDgxNSwidXJsIjoiaHR0cHM6XC9cL3N0YXYtbmV0LmNvbVwvd3AtY29udGVudFwvdXBsb2Fkc1wvMjAyMlwvMDZcL1x1MDVkZVx1MDVkOVx1MDVkYlx1MDVkMFx1MDVkYy1cdTA1ZTRcdTA1ZThcdTA1ZDlcdTA1ZDBcdTA1ZTBcdTA1ZDhcdTA1ZDQtXHUwNWQxXHUwNWRlXHUwNWU4XHUwNWRiXHUwNWQ2XHUwNWQ5XHUwNWVhLVx1MDVlN1x1MDVlOFx1MDVkOVx1MDVlYS1cdTA1ZDlcdTA1ZDVcdTA1ZDFcdTA1ZGMtMTk3My5qcGciLCJzbGlkZXNob3ciOiIwZTc0Y2ZjIn0%3D\">\n\t\t\t\t\t<div class=\"e-gallery-image elementor-gallery-item__image\" data-thumbnail=\"https:\/\/stav-net.com\/wp-content\/uploads\/2022\/06\/\u05de\u05d9\u05db\u05d0\u05dc-\u05e4\u05e8\u05d9\u05d0\u05e0\u05d8\u05d4-\u05d1\u05de\u05e8\u05db\u05d6\u05d9\u05ea-\u05e7\u05e8\u05d9\u05ea-\u05d9\u05d5\u05d1\u05dc-1973.jpg\" data-width=\"700\" data-height=\"1022\" aria-label=\"\" role=\"img\" ><\/div>\n\t\t\t\t\t\t\t\t\t\t\t<div class=\"elementor-gallery-item__overlay\"><\/div>\n\t\t\t\t\t\t\t\t\t\t\t\t\t\t<\/a>\n\t\t\t\t\t<\/div>\n\t\t\t\t\t<\/div>\n\t\t\t\t<\/div>\n\t\t\t\t\t<\/div>\n\t\t<\/div>\n\t\t\t\t\t<\/div>\n\t\t<\/section>\n\t\t\t\t<\/div>","protected":false},"excerpt":{"rendered":"<p>Telecommunications<\/p>","protected":false},"author":1,"featured_media":0,"parent":0,"menu_order":0,"comment_status":"closed","ping_status":"closed","template":"","meta":{"_acf_changed":false,"_coblocks_attr":"","_coblocks_dimensions":"","_coblocks_responsive_height":"","_coblocks_accordion_ie_support":"","footnotes":""},"class_list":["post-1916","page","type-page","status-publish","hentry"],"acf":[],"yoast_head":"<!-- This site is optimized with the Yoast SEO plugin v27.4 - https:\/\/yoast.com\/product\/yoast-seo-wordpress\/ -->\n<title>T\u00e9l\u00e9communication - StavNet<\/title>\n<meta name=\"robots\" content=\"index, follow, max-snippet:-1, max-image-preview:large, max-video-preview:-1\" \/>\n<link rel=\"canonical\" href=\"https:\/\/stav-net.com\/en\/telecommunication\/\" \/>\n<meta property=\"og:locale\" content=\"en_GB\" \/>\n<meta property=\"og:type\" content=\"article\" \/>\n<meta property=\"og:title\" content=\"T\u00e9l\u00e9communication - StavNet\" \/>\n<meta property=\"og:description\" content=\"T\u00e9l\u00e9communication\" \/>\n<meta property=\"og:url\" content=\"https:\/\/stav-net.com\/en\/telecommunication\/\" \/>\n<meta property=\"og:site_name\" content=\"StavNet\" \/>\n<meta property=\"article:modified_time\" content=\"2022-06-16T13:50:08+00:00\" \/>\n<meta name=\"twitter:card\" content=\"summary_large_image\" \/>\n<meta name=\"twitter:label1\" content=\"Estimated reading time\" \/>\n\t<meta name=\"twitter:data1\" content=\"1 minute\" \/>\n<script type=\"application\/ld+json\" class=\"yoast-schema-graph\">{\"@context\":\"https:\\\/\\\/schema.org\",\"@graph\":[{\"@type\":\"WebPage\",\"@id\":\"https:\\\/\\\/stav-net.com\\\/telecommunication\\\/\",\"url\":\"https:\\\/\\\/stav-net.com\\\/telecommunication\\\/\",\"name\":\"T\u00e9l\u00e9communication - StavNet\",\"isPartOf\":{\"@id\":\"https:\\\/\\\/stav-net.com\\\/#website\"},\"datePublished\":\"2022-05-20T10:53:31+00:00\",\"dateModified\":\"2022-06-16T13:50:08+00:00\",\"breadcrumb\":{\"@id\":\"https:\\\/\\\/stav-net.com\\\/telecommunication\\\/#breadcrumb\"},\"inLanguage\":\"en-GB\",\"potentialAction\":[{\"@type\":\"ReadAction\",\"target\":[\"https:\\\/\\\/stav-net.com\\\/telecommunication\\\/\"]}]},{\"@type\":\"BreadcrumbList\",\"@id\":\"https:\\\/\\\/stav-net.com\\\/telecommunication\\\/#breadcrumb\",\"itemListElement\":[{\"@type\":\"ListItem\",\"position\":1,\"name\":\"Accueil\",\"item\":\"https:\\\/\\\/stav-net.com\\\/\"},{\"@type\":\"ListItem\",\"position\":2,\"name\":\"T\u00e9l\u00e9communication\"}]},{\"@type\":\"WebSite\",\"@id\":\"https:\\\/\\\/stav-net.com\\\/#website\",\"url\":\"https:\\\/\\\/stav-net.com\\\/\",\"name\":\"StavNet\",\"description\":\"Just another WordPress site\",\"potentialAction\":[{\"@type\":\"SearchAction\",\"target\":{\"@type\":\"EntryPoint\",\"urlTemplate\":\"https:\\\/\\\/stav-net.com\\\/?s={search_term_string}\"},\"query-input\":{\"@type\":\"PropertyValueSpecification\",\"valueRequired\":true,\"valueName\":\"search_term_string\"}}],\"inLanguage\":\"en-GB\"}]}<\/script>\n<!-- \/ Yoast SEO plugin. -->","yoast_head_json":{"title":"T\u00e9l\u00e9communication - StavNet","robots":{"index":"index","follow":"follow","max-snippet":"max-snippet:-1","max-image-preview":"max-image-preview:large","max-video-preview":"max-video-preview:-1"},"canonical":"https:\/\/stav-net.com\/en\/telecommunication\/","og_locale":"en_GB","og_type":"article","og_title":"T\u00e9l\u00e9communication - StavNet","og_description":"T\u00e9l\u00e9communication","og_url":"https:\/\/stav-net.com\/en\/telecommunication\/","og_site_name":"StavNet","article_modified_time":"2022-06-16T13:50:08+00:00","twitter_card":"summary_large_image","twitter_misc":{"Estimated reading time":"1 minute"},"schema":{"@context":"https:\/\/schema.org","@graph":[{"@type":"WebPage","@id":"https:\/\/stav-net.com\/telecommunication\/","url":"https:\/\/stav-net.com\/telecommunication\/","name":"T\u00e9l\u00e9communication - StavNet","isPartOf":{"@id":"https:\/\/stav-net.com\/#website"},"datePublished":"2022-05-20T10:53:31+00:00","dateModified":"2022-06-16T13:50:08+00:00","breadcrumb":{"@id":"https:\/\/stav-net.com\/telecommunication\/#breadcrumb"},"inLanguage":"en-GB","potentialAction":[{"@type":"ReadAction","target":["https:\/\/stav-net.com\/telecommunication\/"]}]},{"@type":"BreadcrumbList","@id":"https:\/\/stav-net.com\/telecommunication\/#breadcrumb","itemListElement":[{"@type":"ListItem","position":1,"name":"Accueil","item":"https:\/\/stav-net.com\/"},{"@type":"ListItem","position":2,"name":"T\u00e9l\u00e9communication"}]},{"@type":"WebSite","@id":"https:\/\/stav-net.com\/#website","url":"https:\/\/stav-net.com\/","name":"StavNet","description":"Just another WordPress site","potentialAction":[{"@type":"SearchAction","target":{"@type":"EntryPoint","urlTemplate":"https:\/\/stav-net.com\/?s={search_term_string}"},"query-input":{"@type":"PropertyValueSpecification","valueRequired":true,"valueName":"search_term_string"}}],"inLanguage":"en-GB"}]}},"_links":{"self":[{"href":"https:\/\/stav-net.com\/en\/wp-json\/wp\/v2\/pages\/1916","targetHints":{"allow":["GET"]}}],"collection":[{"href":"https:\/\/stav-net.com\/en\/wp-json\/wp\/v2\/pages"}],"about":[{"href":"https:\/\/stav-net.com\/en\/wp-json\/wp\/v2\/types\/page"}],"author":[{"embeddable":true,"href":"https:\/\/stav-net.com\/en\/wp-json\/wp\/v2\/users\/1"}],"replies":[{"embeddable":true,"href":"https:\/\/stav-net.com\/en\/wp-json\/wp\/v2\/comments?post=1916"}],"version-history":[{"count":10,"href":"https:\/\/stav-net.com\/en\/wp-json\/wp\/v2\/pages\/1916\/revisions"}],"predecessor-version":[{"id":4818,"href":"https:\/\/stav-net.com\/en\/wp-json\/wp\/v2\/pages\/1916\/revisions\/4818"}],"wp:attachment":[{"href":"https:\/\/stav-net.com\/en\/wp-json\/wp\/v2\/media?parent=1916"}],"curies":[{"name":"wp","href":"https:\/\/api.w.org\/{rel}","templated":true}]}}