{"id":2884,"date":"2022-05-25T10:27:02","date_gmt":"2022-05-25T08:27:02","guid":{"rendered":"https:\/\/stav-net.com\/?page_id=2884"},"modified":"2022-05-27T14:39:55","modified_gmt":"2022-05-27T12:39:55","slug":"fin-du-pouvoir-sans-limite-des-editeurs-amazon-est-la","status":"publish","type":"page","link":"https:\/\/stav-net.com\/en\/fin-du-pouvoir-sans-limite-des-editeurs-amazon-est-la\/","title":{"rendered":"End of the limitless power of publisher's amazon is here."},"content":{"rendered":"<div data-elementor-type=\"wp-page\" data-elementor-id=\"2884\" class=\"elementor elementor-2884\" data-elementor-post-type=\"page\">\n\t\t\t\t\t\t<section class=\"elementor-section elementor-top-section elementor-element elementor-element-2476640f elementor-section-boxed elementor-section-height-default elementor-section-height-default\" data-id=\"2476640f\" data-element_type=\"section\" data-e-type=\"section\">\n\t\t\t\t\t\t<div class=\"elementor-container elementor-column-gap-default\">\n\t\t\t\t\t<div class=\"elementor-column elementor-col-100 elementor-top-column elementor-element elementor-element-7f5c6f24\" data-id=\"7f5c6f24\" data-element_type=\"column\" data-e-type=\"column\">\n\t\t\t<div class=\"elementor-widget-wrap elementor-element-populated\">\n\t\t\t\t\t\t<div class=\"elementor-element elementor-element-7895734d elementor-widget elementor-widget-text-editor\" data-id=\"7895734d\" data-element_type=\"widget\" data-e-type=\"widget\" data-widget_type=\"text-editor.default\">\n\t\t\t\t<div class=\"elementor-widget-container\">\n\t\t\t\t\t\t\t\t\t<p style=\"text-align: center;\"><strong><img decoding=\"async\" class=\"aligncenter wp-image-3152\" src=\"https:\/\/mickaelpariente.com\/wp-content\/uploads\/2022\/05\/Le_monde_logo.svg-300x69.png\" alt=\"\" width=\"205\" height=\"47\" srcset=\"https:\/\/stav-net.com\/wp-content\/uploads\/2022\/05\/Le_monde_logo.svg-300x69.png 300w, https:\/\/stav-net.com\/wp-content\/uploads\/2022\/05\/Le_monde_logo.svg-600x139.png 600w, https:\/\/stav-net.com\/wp-content\/uploads\/2022\/05\/Le_monde_logo.svg-1024x237.png 1024w, https:\/\/stav-net.com\/wp-content\/uploads\/2022\/05\/Le_monde_logo.svg-768x178.png 768w, https:\/\/stav-net.com\/wp-content\/uploads\/2022\/05\/Le_monde_logo.svg-18x4.png 18w, https:\/\/stav-net.com\/wp-content\/uploads\/2022\/05\/Le_monde_logo.svg.png 1280w\" sizes=\"(max-width: 205px) 100vw, 205px\" \/><br \/><\/strong><\/p>\t\t\t\t\t\t\t\t<\/div>\n\t\t\t\t<\/div>\n\t\t\t\t\t<\/div>\n\t\t<\/div>\n\t\t\t\t\t<\/div>\n\t\t<\/section>\n\t\t\t\t<section class=\"elementor-section elementor-top-section elementor-element elementor-element-823ff3c elementor-section-boxed elementor-section-height-default elementor-section-height-default\" data-id=\"823ff3c\" data-element_type=\"section\" data-e-type=\"section\">\n\t\t\t\t\t\t<div class=\"elementor-container elementor-column-gap-no\">\n\t\t\t\t\t<div class=\"elementor-column elementor-col-100 elementor-top-column elementor-element elementor-element-353d3feb\" data-id=\"353d3feb\" data-element_type=\"column\" data-e-type=\"column\">\n\t\t\t<div class=\"elementor-widget-wrap elementor-element-populated\">\n\t\t\t\t\t\t<div class=\"elementor-element elementor-element-e63fe5b elementor-widget elementor-widget-heading\" data-id=\"e63fe5b\" data-element_type=\"widget\" data-e-type=\"widget\" data-widget_type=\"heading.default\">\n\t\t\t\t<div class=\"elementor-widget-container\">\n\t\t\t\t\t<h1 class=\"elementor-heading-title elementor-size-default\">End of the limitless power of publisher's amazon is here.<\/h1>\t\t\t\t<\/div>\n\t\t\t\t<\/div>\n\t\t\t\t\t<\/div>\n\t\t<\/div>\n\t\t\t\t\t<\/div>\n\t\t<\/section>\n\t\t\t\t<section class=\"elementor-section elementor-top-section elementor-element elementor-element-60da48f4 elementor-section-boxed elementor-section-height-default elementor-section-height-default\" data-id=\"60da48f4\" data-element_type=\"section\" data-e-type=\"section\">\n\t\t\t\t\t\t<div class=\"elementor-container elementor-column-gap-default\">\n\t\t\t\t\t<div class=\"elementor-column elementor-col-100 elementor-top-column elementor-element elementor-element-76e114f2\" data-id=\"76e114f2\" data-element_type=\"column\" data-e-type=\"column\">\n\t\t\t<div class=\"elementor-widget-wrap elementor-element-populated\">\n\t\t\t\t\t\t<div class=\"elementor-element elementor-element-2f6998f elementor-widget elementor-widget-text-editor\" data-id=\"2f6998f\" data-element_type=\"widget\" data-e-type=\"widget\" data-widget_type=\"text-editor.default\">\n\t\t\t\t<div class=\"elementor-widget-container\">\n\t\t\t\t\t\t\t\t\t<p style=\"text-align: center;\">\u00a014 mars 2019<\/p>\t\t\t\t\t\t\t\t<\/div>\n\t\t\t\t<\/div>\n\t\t\t\t\t<\/div>\n\t\t<\/div>\n\t\t\t\t\t<\/div>\n\t\t<\/section>\n\t\t\t\t<section class=\"elementor-section elementor-top-section elementor-element elementor-element-60ec7bce elementor-section-boxed elementor-section-height-default elementor-section-height-default\" data-id=\"60ec7bce\" data-element_type=\"section\" data-e-type=\"section\">\n\t\t\t\t\t\t<div class=\"elementor-container elementor-column-gap-default\">\n\t\t\t\t\t<div class=\"elementor-column elementor-col-100 elementor-top-column elementor-element elementor-element-53b7313f\" data-id=\"53b7313f\" data-element_type=\"column\" data-e-type=\"column\">\n\t\t\t<div class=\"elementor-widget-wrap elementor-element-populated\">\n\t\t\t\t\t\t<div class=\"elementor-element elementor-element-6bc289c8 elementor-widget elementor-widget-image\" data-id=\"6bc289c8\" data-element_type=\"widget\" data-e-type=\"widget\" data-widget_type=\"image.default\">\n\t\t\t\t<div class=\"elementor-widget-container\">\n\t\t\t\t\t\t\t\t\t\t\t\t\t\t\t<img fetchpriority=\"high\" decoding=\"async\" width=\"640\" height=\"360\" src=\"https:\/\/stav-net.com\/wp-content\/uploads\/2022\/05\/523701601001094640360no.jpg\" class=\"attachment-full size-full wp-image-3268\" alt=\"\" srcset=\"https:\/\/stav-net.com\/wp-content\/uploads\/2022\/05\/523701601001094640360no.jpg 640w, https:\/\/stav-net.com\/wp-content\/uploads\/2022\/05\/523701601001094640360no-600x338.jpg 600w, https:\/\/stav-net.com\/wp-content\/uploads\/2022\/05\/523701601001094640360no-300x169.jpg 300w, https:\/\/stav-net.com\/wp-content\/uploads\/2022\/05\/523701601001094640360no-18x10.jpg 18w\" sizes=\"(max-width: 640px) 100vw, 640px\" \/>\t\t\t\t\t\t\t\t\t\t\t\t\t\t\t<\/div>\n\t\t\t\t<\/div>\n\t\t\t\t\t<\/div>\n\t\t<\/div>\n\t\t\t\t\t<\/div>\n\t\t<\/section>\n\t\t\t\t<section class=\"elementor-section elementor-top-section elementor-element elementor-element-66aec66b elementor-section-boxed elementor-section-height-default elementor-section-height-default\" data-id=\"66aec66b\" data-element_type=\"section\" data-e-type=\"section\">\n\t\t\t\t\t\t<div class=\"elementor-container elementor-column-gap-default\">\n\t\t\t\t\t<div class=\"elementor-column elementor-col-100 elementor-top-column elementor-element elementor-element-3721e6fd\" data-id=\"3721e6fd\" data-element_type=\"column\" data-e-type=\"column\">\n\t\t\t<div class=\"elementor-widget-wrap elementor-element-populated\">\n\t\t\t\t\t\t<div class=\"elementor-element elementor-element-18b95b4b elementor-widget elementor-widget-text-editor\" data-id=\"18b95b4b\" data-element_type=\"widget\" data-e-type=\"widget\" data-widget_type=\"text-editor.default\">\n\t\t\t\t<div class=\"elementor-widget-container\">\n\t\t\t\t\t\t\t\t\t<p style=\"text-align: center;\"><em><strong>Etes-vous abonnez au journal \u00ab\u00a0Le monde\u00a0\u00bb ?\u00a0<\/strong><\/em><\/p>\t\t\t\t\t\t\t\t<\/div>\n\t\t\t\t<\/div>\n\t\t\t\t\t<\/div>\n\t\t<\/div>\n\t\t\t\t\t<\/div>\n\t\t<\/section>\n\t\t\t\t<section class=\"elementor-section elementor-top-section elementor-element elementor-element-26b36001 elementor-section-boxed elementor-section-height-default elementor-section-height-default\" data-id=\"26b36001\" data-element_type=\"section\" data-e-type=\"section\">\n\t\t\t\t\t\t<div class=\"elementor-container elementor-column-gap-default\">\n\t\t\t\t\t<div class=\"elementor-column elementor-col-100 elementor-top-column elementor-element elementor-element-5df47036\" data-id=\"5df47036\" data-element_type=\"column\" data-e-type=\"column\">\n\t\t\t<div class=\"elementor-widget-wrap elementor-element-populated\">\n\t\t\t\t\t\t<section class=\"elementor-section elementor-inner-section elementor-element elementor-element-3f5c01a7 elementor-section-boxed elementor-section-height-default elementor-section-height-default\" data-id=\"3f5c01a7\" data-element_type=\"section\" data-e-type=\"section\">\n\t\t\t\t\t\t<div class=\"elementor-container elementor-column-gap-default\">\n\t\t\t\t\t<div class=\"elementor-column elementor-col-16 elementor-inner-column elementor-element elementor-element-4dbe2c18\" data-id=\"4dbe2c18\" data-element_type=\"column\" data-e-type=\"column\">\n\t\t\t<div class=\"elementor-widget-wrap\">\n\t\t\t\t\t\t\t<\/div>\n\t\t<\/div>\n\t\t\t\t<div class=\"elementor-column elementor-col-16 elementor-inner-column elementor-element elementor-element-5920cec2\" data-id=\"5920cec2\" data-element_type=\"column\" data-e-type=\"column\">\n\t\t\t<div class=\"elementor-widget-wrap\">\n\t\t\t\t\t\t\t<\/div>\n\t\t<\/div>\n\t\t\t\t<div class=\"elementor-column elementor-col-16 elementor-inner-column elementor-element elementor-element-57bac87\" data-id=\"57bac87\" data-element_type=\"column\" data-e-type=\"column\">\n\t\t\t<div class=\"elementor-widget-wrap elementor-element-populated\">\n\t\t\t\t\t\t<div class=\"elementor-element elementor-element-c23014e elementor-widget elementor-widget-text-editor\" data-id=\"c23014e\" data-element_type=\"widget\" data-e-type=\"widget\" data-widget_type=\"text-editor.default\">\n\t\t\t\t<div class=\"elementor-widget-container\">\n\t\t\t\t\t\t\t\t\t<p style=\"text-align: center;\"><span style=\"color: #c51919;\"><strong><a style=\"color: #c51919;\" href=\"https:\/\/www.lemonde.fr\/idees\/article\/2019\/03\/14\/edition-fin-du-pouvoir-sans-limite-des-editeurs-amazon-est-la_5436034_3232.html\">Oui<\/a><\/strong><\/span><\/p>\t\t\t\t\t\t\t\t<\/div>\n\t\t\t\t<\/div>\n\t\t\t\t\t<\/div>\n\t\t<\/div>\n\t\t\t\t<div class=\"elementor-column elementor-col-16 elementor-inner-column elementor-element elementor-element-31e1367d\" data-id=\"31e1367d\" data-element_type=\"column\" data-e-type=\"column\">\n\t\t\t<div class=\"elementor-widget-wrap elementor-element-populated\">\n\t\t\t\t\t\t<div class=\"elementor-element elementor-element-0e8e8c6 elementor-widget elementor-widget-text-editor\" data-id=\"0e8e8c6\" data-element_type=\"widget\" data-e-type=\"widget\" data-widget_type=\"text-editor.default\">\n\t\t\t\t<div class=\"elementor-widget-container\">\n\t\t\t\t\t\t\t\t\t<p style=\"text-align: center;\"><span style=\"color: #c51919;\"><strong>\u00a0<a style=\"color: #c51919;\" href=\"https:\/\/mickaelpariente.com\/texte\/\">Non<\/a><\/strong><\/span><\/p>\t\t\t\t\t\t\t\t<\/div>\n\t\t\t\t<\/div>\n\t\t\t\t\t<\/div>\n\t\t<\/div>\n\t\t\t\t<div class=\"elementor-column elementor-col-16 elementor-inner-column elementor-element elementor-element-4151757\" data-id=\"4151757\" data-element_type=\"column\" data-e-type=\"column\">\n\t\t\t<div class=\"elementor-widget-wrap\">\n\t\t\t\t\t\t\t<\/div>\n\t\t<\/div>\n\t\t\t\t<div class=\"elementor-column elementor-col-16 elementor-inner-column elementor-element elementor-element-f389625\" data-id=\"f389625\" data-element_type=\"column\" data-e-type=\"column\">\n\t\t\t<div class=\"elementor-widget-wrap\">\n\t\t\t\t\t\t\t<\/div>\n\t\t<\/div>\n\t\t\t\t\t<\/div>\n\t\t<\/section>\n\t\t\t\t\t<\/div>\n\t\t<\/div>\n\t\t\t\t\t<\/div>\n\t\t<\/section>\n\t\t\t\t<\/div>","protected":false},"excerpt":{"rendered":"<p>Fin du pouvoir sans limite des \u00e9diteurs, Amazon est l\u00e0 ! \u00a014 mars 2019 Etes-vous abonnez au journal \u00ab\u00a0Le monde\u00a0\u00bb ?\u00a0 Oui \u00a0Non<\/p>","protected":false},"author":1,"featured_media":0,"parent":0,"menu_order":0,"comment_status":"closed","ping_status":"closed","template":"","meta":{"_acf_changed":false,"_coblocks_attr":"","_coblocks_dimensions":"","_coblocks_responsive_height":"","_coblocks_accordion_ie_support":"","footnotes":""},"class_list":["post-2884","page","type-page","status-publish","hentry"],"acf":[],"yoast_head":"<!-- This site is optimized with the Yoast SEO plugin v27.4 - https:\/\/yoast.com\/product\/yoast-seo-wordpress\/ -->\n<title>Fin du pouvoir sans limite des \u00e9diteurs, Amazon est l\u00e0 ! - StavNet<\/title>\n<meta name=\"robots\" content=\"index, follow, max-snippet:-1, max-image-preview:large, max-video-preview:-1\" \/>\n<link rel=\"canonical\" href=\"https:\/\/stav-net.com\/en\/fin-du-pouvoir-sans-limite-des-editeurs-amazon-est-la\/\" \/>\n<meta property=\"og:locale\" content=\"en_GB\" \/>\n<meta property=\"og:type\" content=\"article\" \/>\n<meta property=\"og:title\" content=\"Fin du pouvoir sans limite des \u00e9diteurs, Amazon est l\u00e0 ! - StavNet\" \/>\n<meta property=\"og:description\" content=\"Fin du pouvoir sans limite des \u00e9diteurs, Amazon est l\u00e0 ! \u00a014 mars 2019 Etes-vous abonnez au journal \u00ab\u00a0Le monde\u00a0\u00bb ?\u00a0 Oui \u00a0Non\" \/>\n<meta property=\"og:url\" content=\"https:\/\/stav-net.com\/en\/fin-du-pouvoir-sans-limite-des-editeurs-amazon-est-la\/\" \/>\n<meta property=\"og:site_name\" content=\"StavNet\" \/>\n<meta property=\"article:modified_time\" content=\"2022-05-27T12:39:55+00:00\" \/>\n<meta property=\"og:image\" content=\"https:\/\/stav-net.com\/wp-content\/uploads\/2022\/05\/Le_monde_logo.svg-300x69.png\" \/>\n<meta name=\"twitter:card\" content=\"summary_large_image\" \/>\n<meta name=\"twitter:label1\" content=\"Estimated reading time\" \/>\n\t<meta name=\"twitter:data1\" content=\"1 minute\" \/>\n<script type=\"application\/ld+json\" class=\"yoast-schema-graph\">{\"@context\":\"https:\\\/\\\/schema.org\",\"@graph\":[{\"@type\":\"WebPage\",\"@id\":\"https:\\\/\\\/stav-net.com\\\/fin-du-pouvoir-sans-limite-des-editeurs-amazon-est-la\\\/\",\"url\":\"https:\\\/\\\/stav-net.com\\\/fin-du-pouvoir-sans-limite-des-editeurs-amazon-est-la\\\/\",\"name\":\"Fin du pouvoir sans limite des \u00e9diteurs, Amazon est l\u00e0 ! - StavNet\",\"isPartOf\":{\"@id\":\"https:\\\/\\\/stav-net.com\\\/#website\"},\"primaryImageOfPage\":{\"@id\":\"https:\\\/\\\/stav-net.com\\\/fin-du-pouvoir-sans-limite-des-editeurs-amazon-est-la\\\/#primaryimage\"},\"image\":{\"@id\":\"https:\\\/\\\/stav-net.com\\\/fin-du-pouvoir-sans-limite-des-editeurs-amazon-est-la\\\/#primaryimage\"},\"thumbnailUrl\":\"https:\\\/\\\/stav-net.com\\\/wp-content\\\/uploads\\\/2022\\\/05\\\/Le_monde_logo.svg-300x69.png\",\"datePublished\":\"2022-05-25T08:27:02+00:00\",\"dateModified\":\"2022-05-27T12:39:55+00:00\",\"breadcrumb\":{\"@id\":\"https:\\\/\\\/stav-net.com\\\/fin-du-pouvoir-sans-limite-des-editeurs-amazon-est-la\\\/#breadcrumb\"},\"inLanguage\":\"en-GB\",\"potentialAction\":[{\"@type\":\"ReadAction\",\"target\":[\"https:\\\/\\\/stav-net.com\\\/fin-du-pouvoir-sans-limite-des-editeurs-amazon-est-la\\\/\"]}]},{\"@type\":\"ImageObject\",\"inLanguage\":\"en-GB\",\"@id\":\"https:\\\/\\\/stav-net.com\\\/fin-du-pouvoir-sans-limite-des-editeurs-amazon-est-la\\\/#primaryimage\",\"url\":\"https:\\\/\\\/stav-net.com\\\/wp-content\\\/uploads\\\/2022\\\/05\\\/Le_monde_logo.svg-300x69.png\",\"contentUrl\":\"https:\\\/\\\/stav-net.com\\\/wp-content\\\/uploads\\\/2022\\\/05\\\/Le_monde_logo.svg-300x69.png\"},{\"@type\":\"BreadcrumbList\",\"@id\":\"https:\\\/\\\/stav-net.com\\\/fin-du-pouvoir-sans-limite-des-editeurs-amazon-est-la\\\/#breadcrumb\",\"itemListElement\":[{\"@type\":\"ListItem\",\"position\":1,\"name\":\"Accueil\",\"item\":\"https:\\\/\\\/stav-net.com\\\/\"},{\"@type\":\"ListItem\",\"position\":2,\"name\":\"Fin du pouvoir sans limite des \u00e9diteurs, Amazon est l\u00e0 !\"}]},{\"@type\":\"WebSite\",\"@id\":\"https:\\\/\\\/stav-net.com\\\/#website\",\"url\":\"https:\\\/\\\/stav-net.com\\\/\",\"name\":\"StavNet\",\"description\":\"Just another WordPress site\",\"potentialAction\":[{\"@type\":\"SearchAction\",\"target\":{\"@type\":\"EntryPoint\",\"urlTemplate\":\"https:\\\/\\\/stav-net.com\\\/?s={search_term_string}\"},\"query-input\":{\"@type\":\"PropertyValueSpecification\",\"valueRequired\":true,\"valueName\":\"search_term_string\"}}],\"inLanguage\":\"en-GB\"}]}<\/script>\n<!-- \/ Yoast SEO plugin. -->","yoast_head_json":{"title":"Fin du pouvoir sans limite des \u00e9diteurs, Amazon est l\u00e0 ! - StavNet","robots":{"index":"index","follow":"follow","max-snippet":"max-snippet:-1","max-image-preview":"max-image-preview:large","max-video-preview":"max-video-preview:-1"},"canonical":"https:\/\/stav-net.com\/en\/fin-du-pouvoir-sans-limite-des-editeurs-amazon-est-la\/","og_locale":"en_GB","og_type":"article","og_title":"Fin du pouvoir sans limite des \u00e9diteurs, Amazon est l\u00e0 ! - StavNet","og_description":"Fin du pouvoir sans limite des \u00e9diteurs, Amazon est l\u00e0 ! \u00a014 mars 2019 Etes-vous abonnez au journal \u00ab\u00a0Le monde\u00a0\u00bb ?\u00a0 Oui \u00a0Non","og_url":"https:\/\/stav-net.com\/en\/fin-du-pouvoir-sans-limite-des-editeurs-amazon-est-la\/","og_site_name":"StavNet","article_modified_time":"2022-05-27T12:39:55+00:00","og_image":[{"url":"https:\/\/stav-net.com\/wp-content\/uploads\/2022\/05\/Le_monde_logo.svg-300x69.png","type":"","width":"","height":""}],"twitter_card":"summary_large_image","twitter_misc":{"Estimated reading time":"1 minute"},"schema":{"@context":"https:\/\/schema.org","@graph":[{"@type":"WebPage","@id":"https:\/\/stav-net.com\/fin-du-pouvoir-sans-limite-des-editeurs-amazon-est-la\/","url":"https:\/\/stav-net.com\/fin-du-pouvoir-sans-limite-des-editeurs-amazon-est-la\/","name":"Fin du pouvoir sans limite des \u00e9diteurs, Amazon est l\u00e0 ! - StavNet","isPartOf":{"@id":"https:\/\/stav-net.com\/#website"},"primaryImageOfPage":{"@id":"https:\/\/stav-net.com\/fin-du-pouvoir-sans-limite-des-editeurs-amazon-est-la\/#primaryimage"},"image":{"@id":"https:\/\/stav-net.com\/fin-du-pouvoir-sans-limite-des-editeurs-amazon-est-la\/#primaryimage"},"thumbnailUrl":"https:\/\/stav-net.com\/wp-content\/uploads\/2022\/05\/Le_monde_logo.svg-300x69.png","datePublished":"2022-05-25T08:27:02+00:00","dateModified":"2022-05-27T12:39:55+00:00","breadcrumb":{"@id":"https:\/\/stav-net.com\/fin-du-pouvoir-sans-limite-des-editeurs-amazon-est-la\/#breadcrumb"},"inLanguage":"en-GB","potentialAction":[{"@type":"ReadAction","target":["https:\/\/stav-net.com\/fin-du-pouvoir-sans-limite-des-editeurs-amazon-est-la\/"]}]},{"@type":"ImageObject","inLanguage":"en-GB","@id":"https:\/\/stav-net.com\/fin-du-pouvoir-sans-limite-des-editeurs-amazon-est-la\/#primaryimage","url":"https:\/\/stav-net.com\/wp-content\/uploads\/2022\/05\/Le_monde_logo.svg-300x69.png","contentUrl":"https:\/\/stav-net.com\/wp-content\/uploads\/2022\/05\/Le_monde_logo.svg-300x69.png"},{"@type":"BreadcrumbList","@id":"https:\/\/stav-net.com\/fin-du-pouvoir-sans-limite-des-editeurs-amazon-est-la\/#breadcrumb","itemListElement":[{"@type":"ListItem","position":1,"name":"Accueil","item":"https:\/\/stav-net.com\/"},{"@type":"ListItem","position":2,"name":"Fin du pouvoir sans limite des \u00e9diteurs, Amazon est l\u00e0 !"}]},{"@type":"WebSite","@id":"https:\/\/stav-net.com\/#website","url":"https:\/\/stav-net.com\/","name":"StavNet","description":"Just another WordPress site","potentialAction":[{"@type":"SearchAction","target":{"@type":"EntryPoint","urlTemplate":"https:\/\/stav-net.com\/?s={search_term_string}"},"query-input":{"@type":"PropertyValueSpecification","valueRequired":true,"valueName":"search_term_string"}}],"inLanguage":"en-GB"}]}},"_links":{"self":[{"href":"https:\/\/stav-net.com\/en\/wp-json\/wp\/v2\/pages\/2884","targetHints":{"allow":["GET"]}}],"collection":[{"href":"https:\/\/stav-net.com\/en\/wp-json\/wp\/v2\/pages"}],"about":[{"href":"https:\/\/stav-net.com\/en\/wp-json\/wp\/v2\/types\/page"}],"author":[{"embeddable":true,"href":"https:\/\/stav-net.com\/en\/wp-json\/wp\/v2\/users\/1"}],"replies":[{"embeddable":true,"href":"https:\/\/stav-net.com\/en\/wp-json\/wp\/v2\/comments?post=2884"}],"version-history":[{"count":47,"href":"https:\/\/stav-net.com\/en\/wp-json\/wp\/v2\/pages\/2884\/revisions"}],"predecessor-version":[{"id":3281,"href":"https:\/\/stav-net.com\/en\/wp-json\/wp\/v2\/pages\/2884\/revisions\/3281"}],"wp:attachment":[{"href":"https:\/\/stav-net.com\/en\/wp-json\/wp\/v2\/media?parent=2884"}],"curies":[{"name":"wp","href":"https:\/\/api.w.org\/{rel}","templated":true}]}}