{"id":668,"date":"2022-04-29T16:47:13","date_gmt":"2022-04-29T14:47:13","guid":{"rendered":"https:\/\/stav-net.com\/?page_id=668"},"modified":"2022-06-09T17:03:35","modified_gmt":"2022-06-09T15:03:35","slug":"biographie","status":"publish","type":"page","link":"https:\/\/stav-net.com\/en\/biographie\/","title":{"rendered":"Biographie"},"content":{"rendered":"<div class=\"wp-block-image coblocks-animate\" data-coblocks-animation=\"clipVertical\"><figure class=\"alignleft size-full is-resized\"><img fetchpriority=\"high\" decoding=\"async\" src=\"https:\/\/stav-net.com\/wp-content\/uploads\/2022\/06\/mickael-3-1.jpg\" alt=\"\" class=\"wp-image-4619\" width=\"302\" height=\"367\" srcset=\"https:\/\/stav-net.com\/wp-content\/uploads\/2022\/06\/mickael-3-1.jpg 383w, https:\/\/stav-net.com\/wp-content\/uploads\/2022\/06\/mickael-3-1-246x300.jpg 246w, https:\/\/stav-net.com\/wp-content\/uploads\/2022\/06\/mickael-3-1-10x12.jpg 10w\" sizes=\"(max-width: 302px) 100vw, 302px\" \/><\/figure><\/div>\n\n\n\n<p>Micka\u00ebl Parient\u00e9 (Hebrew: \u05de\u05d9\u05db\u05d0\u05dc \u05e4\u05e8\u05d9\u05d0\u05e0\u05d8\u05d4) est un auteur, \u00e9diteur et chroniqueur franco-isra\u00e9lien. Il est n\u00e9 en le 6 juin 1947 \u00e0 <a href=\"https:\/\/fr.wikipedia.org\/wiki\/Mekn%C3%A8s\">Meknes<\/a>, Maroc, au temps de la pr\u00e9sence fran\u00e7aise. Ses romans, r\u00e9cits et tribunes sont publi\u00e9s r\u00e9guli\u00e8rement en Isra\u00ebl et en France. Il est membre du syndicat des journalistes de Tel Aviv member of Tel-Aviv Journalists Association.<\/p>\n\n\n\n<p>Il a v\u00e9cu jusqu&rsquo;\u00e0 l&rsquo;\u00e2ge de quinze ans dans l&rsquo;ancien Mellah de <a href=\"https:\/\/fr.wikipedia.org\/wiki\/Mekn%C3%A8s\">Meknes<\/a>, au Maroc. Trilingue, (jud\u00e9o-arabe, h\u00e9breu, fran\u00e7ais) depuis sa premi\u00e8re enfance, il babille ses premiers mots, en arabe jud\u00e9o-marocain ; il apprit l&rsquo;h\u00e9breu au Talmud Torah en lisant des psaumes et des pri\u00e8res, et fait ses \u00e9tudes primaires en fran\u00e7ais \u00e0 l\u2019Alliance Isra\u00e9lite Universelle.<\/p>\n\n\n\n<p>Apr\u00e8s ses \u00e9tudes secondaires dans le village de jeunes <a href=\"https:\/\/fr.wikipedia.org\/wiki\/Nitzanim\">Nitsanim<\/a>, internat agricole, il \u00e9tudie l\u2019\u00e9lectronique \u00e0 l\u2019\u00c9cole de l\u2019Arm\u00e9e de l\u2019Air d\u2019Isra\u00ebl. Il poursuit, d\u00e8s la fin de son service militaire, puis, une formation de deux ans en Suisse, dans les t\u00e9l\u00e9communications. Il travaille sept ans chez <a href=\"https:\/\/fr.wikipedia.org\/wiki\/Tadiran\">Tadiran<\/a>, comme directeur d\u2019installation de centrales t\u00e9l\u00e9phoniques publiques et y publie deux ouvrages qui ont servi dans les \u00e9coles <a href=\"https:\/\/fr.wikipedia.org\/wiki\/Bezeq\">Bezeq<\/a> pour la formation de techniciens en t\u00e9l\u00e9com. <a href=\"https:\/\/secureservercdn.net\/160.153.137.91\/stav-net.com\/wp-content\/uploads\/2022\/06\/Recommandation-directeur-Bezek.jpg?time=1654706753\">Il a d\u00e9velopp\u00e9 une m\u00e9thode s\u00e9quentielle pour simplifier l&rsquo;\u00e9tude des fonctions d&rsquo;une centrale t\u00e9l\u00e9phonique<\/a><\/p>\n\n\n\n<p>Il cr\u00e9e en 1978 sa propre soci\u00e9t\u00e9 Technical writing (Documentation technique) et offre des services \u00e0 l\u2019industrie \u00e9lectronique ainsi qu\u2019au minist\u00e8re de la D\u00e9fense d\u2019Isra\u00ebl.<\/p>\n\n\n\n<p>En 1979, il cr\u00e9e Hayofi, magazine de beaut\u00e9 et d\u2019esth\u00e9tique, l\u2019un des premiers dans le genre qui fut publi\u00e9 par abonnement au sein des esth\u00e9ticiennes et des visagistes pour femmes, puis aux kiosks de journaux partout en Isra\u00ebl.<\/p>\n\n\n\n<p>En 1980, il fonde les \u00e9ditions Stavit, y publie des ouvrages litt\u00e9raires et ethnographiques, en h\u00e9breu et en fran\u00e7ais. Il devient ainsi l\u2019un des rares \u00e9diteurs francophones en Isra\u00ebl. En parall\u00e8le, il m\u00e8ne une carri\u00e8re d\u2019autodidacte en graphisme. Il a \u00e9t\u00e9 directeur artistique de plusieurs magazines, dont Mozna\u00efm, du syndicat des \u00e9crivains, Politica initi\u00e9 par le parti <a href=\"https:\/\/fr.wikipedia.org\/wiki\/Meretz\">Meretz<\/a>, Mifagash, p\u00e9riodique litt\u00e9raire h\u00e9breu-arabe\u2026<\/p>\n\n\n\n<p>Install\u00e9 en France depuis 1988, il y poursuit son activit\u00e9 \u00e9ditoriale et publie principalement des traductions d&rsquo;auteurs isra\u00e9liens en fran\u00e7ais. En parall\u00e8le, il a \u00e9t\u00e9 durant plus de trois ans directeur artistique de Familles &amp; \u00e9ducations], mensuel tir\u00e9 en un million exemplaire pour l\u2019UNAPEL, association des parents d\u2019\u00e9l\u00e8ves de l\u2019enseignement libre.<\/p>\n\n\n\n<p>En 2006, Micka\u00ebl Parient\u00e9 soutient \u00e0 l\u2019Universit\u00e9 Paris 8 une th\u00e8se de <a href=\"https:\/\/www.theses.fr\/033943222\">Doctorat<\/a> : La litt\u00e9rature isra\u00e9lienne traduite en fran\u00e7ais et publi\u00e9e entre 1948 et 2005 \u2013 \u00c9tude bibliographique et socio-litt\u00e9raire qu\u2019il obtient avec la mention \u00ab Tr\u00e8s honorable et f\u00e9licitations du jury \u00bb. Dans le cadre de cette th\u00e8se, il publie deux ouvrages bibliographiques : 2000 titres \u00e0 th\u00e8me juif \u2013 1420 auteurs, pr\u00e9fac\u00e9 par Emmanuel Le Roy Ladurie, 1996, \u00e9d. StavNet, et Litt\u00e9ratures d\u2019Isra\u00ebl, 2003, ed. StavNet. Il d\u00e9veloppe un moteur th\u00e9matique de recherches bibliographiques contenant une base de donn\u00e9es recense la totalit\u00e9 des \u0153uvres isra\u00e9liennes, traduites en fran\u00e7ais, de 1948 \u00e0 2005. Sa mise \u00e0 jour et sa mise en ligne est en cours.<\/p>\n\n\n\n<p>Mickael Parient\u00e9 consacre, en Isra\u00ebl comme en France, une grande partie de sa vie \u00e0 cr\u00e9er des ponts entre les cultures fran\u00e7aise, arabe, juive, isra\u00e9lienne et palestinienne. M\u00e9diateur culturel et entrepreneur, il a con\u00e7u et r\u00e9alis\u00e9 des projets culturels, dont : <a href=\"https:\/\/stav-net.com\/en\/galerie-stavit\/\">Galerie Stavit &#8211; Arts contemporains isra\u00e9lien<\/a> ; <a href=\"https:\/\/stav-net.com\/en\/lectures\/\">Lectures &#8211; Club litt\u00e9raire et artistique du juda\u00efsme contemporain<\/a> ; L&rsquo;Au<a href=\"https:\/\/stav-net.com\/en\/lautre-parnasse-librairie-cafe\/\">tre parnasse &#8211; Librairie caf\u00e9 m\u00e9diterran\u00e9enne<\/a> ; Sa<a href=\"https:\/\/stav-net.com\/en\/salon-du-livre-geneve-israel-hote-dhonneur\/\">lon du livre de Gen\u00e8ve &#8211; Stand Isra\u00ebl h\u00f4te d&rsquo;honneur 1998<\/a> ; \u05d4\u05d9\u05d5\u05e4\u05d9 &#8211; \u05d9\u05e8\u05d7\u05d5\u05df \u05d9\u05e9\u05e8\u05d0\u05dc\u05d9 \u05dc\u05d0\u05e1\u05d8\u05d8\u05d9\u05e7\u05d4 (Hayofi &#8211; Mensuel isra\u00e9lien d&rsquo;esth\u00e9tique) ; <a href=\"https:\/\/stav-net.com\/en\/nes-en-israel\/\">Deux voies pour la paix<\/a>.<\/p>\n\n\n\n<p>Dans le cadre de ses \u00e9ditions, il publie essentiellement des ouvrages litt\u00e9raires et ethnographiques, en h\u00e9breu ainsi qu\u2019en fran\u00e7ais, dont un <a href=\"https:\/\/secureservercdn.net\/160.153.137.91\/stav-net.com\/wp-content\/uploads\/2022\/05\/Coffret-les-Juifs-du-Maroc.jpg?time=1654706753\">coffret de 4 beaux-livres<\/a> r\u00e9unis dans un coffret consacr\u00e9 aux Juifs du Maroc : La vie juive au Maroc \u2013 Arts et traditions, ouvrage collectif publi\u00e9 en co\u00e9dition avec le Mus\u00e9e d\u2019Isra\u00ebl ; La Saga des Familles des Juifs du Maroc, de Joseph <a href=\"https:\/\/fr.wikipedia.org\/wiki\/Toledano\">Tol\u00e9dano<\/a>, Proverbes Jud\u00e9o-marocains, r\u00e9unis et comment\u00e9s par Hanania Dahan (deux tomes en jud\u00e9o-arabe et h\u00e9breu).<\/p>\n\n\n\n<p>Il \u00e9crit des histoires, des romans et des tribunes en fran\u00e7ais et en h\u00e9breu qui sont publi\u00e9s r\u00e9guli\u00e8rement en Isra\u00ebl et en France.<\/p>\n\n\n\n<p>Sa m\u00e8re, S\u00e9ti, appartenait \u00e0 la famille Amar, une lign\u00e9e de grands rabbins et notables de la communaut\u00e9 juive de <a href=\"https:\/\/fr.wikipedia.org\/wiki\/Mekn%C3%A8s\">Meknes<\/a>. Elle mourut \u00e0 l\u2019\u00e2ge de 25 ans, laissant son mari, Jacob Parient\u00e9 \u00e2g\u00e9 de 27 ans, et quatre enfants : Prosper, 7 ans et demi (peintre et cin\u00e9aste, il vit \u00e0 Los Angeles), Maurice, 4 ans (p\u00e2tissier, il d\u00e9c\u00e8de \u00e0 Ha\u00effa en 2017), Micka\u00ebl, 2 ans et demi (\u00e9crivain et \u00e9diteur, il vit \u00e0 Paris) et Myriam (d\u00e9c\u00e9d\u00e9e 7 mois plus tard). De sa premi\u00e8re femme, Myriam Cohen, il a une fille : Stavit, mari\u00e9e \u00e0 Meir <a href=\"https:\/\/fr.wikipedia.org\/wiki\/Shirazi%20(peuple)\">Shiraz<\/a>i et trois petits-enfants : Maya, Noam et Amitai. En 1990, Micka\u00ebl Parient\u00e9 \u00e9pouse Adriana Masel, n\u00e9e \u00e0 Buenos Aires, quatri\u00e8me g\u00e9n\u00e9ration argentine de familles juives : Masel et Braunstein provenant de Russie au XIXe si\u00e8cle. De son premier mariage, Adriana a deux filles : Ami et Midori ainsi que trois petits-enfants : Thomas, \u00c9duard et Adrian.<\/p>\n\n\n\n<div class=\"wp-block-image\"><figure class=\"aligncenter size-large\"><img decoding=\"async\" width=\"1024\" height=\"718\" src=\"https:\/\/stav-net.com\/wp-content\/uploads\/2022\/06\/Mickael-Pariente-Diplom-Doctorat-1024x718.jpg\" alt=\"\" class=\"wp-image-4617\" srcset=\"https:\/\/stav-net.com\/wp-content\/uploads\/2022\/06\/Mickael-Pariente-Diplom-Doctorat-1024x718.jpg 1024w, https:\/\/stav-net.com\/wp-content\/uploads\/2022\/06\/Mickael-Pariente-Diplom-Doctorat-600x421.jpg 600w, https:\/\/stav-net.com\/wp-content\/uploads\/2022\/06\/Mickael-Pariente-Diplom-Doctorat-300x210.jpg 300w, https:\/\/stav-net.com\/wp-content\/uploads\/2022\/06\/Mickael-Pariente-Diplom-Doctorat-768x539.jpg 768w, https:\/\/stav-net.com\/wp-content\/uploads\/2022\/06\/Mickael-Pariente-Diplom-Doctorat-1536x1077.jpg 1536w, https:\/\/stav-net.com\/wp-content\/uploads\/2022\/06\/Mickael-Pariente-Diplom-Doctorat-18x12.jpg 18w, https:\/\/stav-net.com\/wp-content\/uploads\/2022\/06\/Mickael-Pariente-Diplom-Doctorat.jpg 1718w\" sizes=\"(max-width: 1024px) 100vw, 1024px\" \/><\/figure><\/div>","protected":false},"excerpt":{"rendered":"<p>Micka\u00ebl Parient\u00e9 (Hebrew: \u05de\u05d9\u05db\u05d0\u05dc \u05e4\u05e8\u05d9\u05d0\u05e0\u05d8\u05d4) est un auteur, \u00e9diteur et chroniqueur franco-isra\u00e9lien. Il est n\u00e9 en le 6 juin 1947 \u00e0 Meknes, Maroc, au temps de la pr\u00e9sence fran\u00e7aise. Ses romans, r\u00e9cits et tribunes sont publi\u00e9s r\u00e9guli\u00e8rement en Isra\u00ebl et en France. Il est membre du syndicat des journalistes de Tel Aviv member of Tel-Aviv [&hellip;]<\/p>\n","protected":false},"author":1,"featured_media":0,"parent":0,"menu_order":0,"comment_status":"closed","ping_status":"closed","template":"","meta":{"_acf_changed":false,"_coblocks_attr":"","_coblocks_dimensions":"","_coblocks_responsive_height":"","_coblocks_accordion_ie_support":"","footnotes":""},"class_list":["post-668","page","type-page","status-publish","hentry"],"acf":[],"yoast_head":"<!-- This site is optimized with the Yoast SEO plugin v27.4 - https:\/\/yoast.com\/product\/yoast-seo-wordpress\/ -->\n<title>Biographie - StavNet<\/title>\n<meta name=\"robots\" content=\"index, follow, max-snippet:-1, max-image-preview:large, max-video-preview:-1\" \/>\n<link rel=\"canonical\" href=\"https:\/\/stav-net.com\/en\/biographie\/\" \/>\n<meta property=\"og:locale\" content=\"en_GB\" \/>\n<meta property=\"og:type\" content=\"article\" \/>\n<meta property=\"og:title\" content=\"Biographie - StavNet\" \/>\n<meta property=\"og:description\" content=\"Micka\u00ebl Parient\u00e9 (Hebrew: \u05de\u05d9\u05db\u05d0\u05dc \u05e4\u05e8\u05d9\u05d0\u05e0\u05d8\u05d4) est un auteur, \u00e9diteur et chroniqueur franco-isra\u00e9lien. Il est n\u00e9 en le 6 juin 1947 \u00e0 Meknes, Maroc, au temps de la pr\u00e9sence fran\u00e7aise. Ses romans, r\u00e9cits et tribunes sont publi\u00e9s r\u00e9guli\u00e8rement en Isra\u00ebl et en France. Il est membre du syndicat des journalistes de Tel Aviv member of Tel-Aviv [&hellip;]\" \/>\n<meta property=\"og:url\" content=\"https:\/\/stav-net.com\/en\/biographie\/\" \/>\n<meta property=\"og:site_name\" content=\"StavNet\" \/>\n<meta property=\"article:modified_time\" content=\"2022-06-09T15:03:35+00:00\" \/>\n<meta property=\"og:image\" content=\"https:\/\/stav-net.com\/wp-content\/uploads\/2022\/06\/mickael-3-1.jpg\" \/>\n<meta name=\"twitter:card\" content=\"summary_large_image\" \/>\n<meta name=\"twitter:label1\" content=\"Estimated reading time\" \/>\n\t<meta name=\"twitter:data1\" content=\"5 minutes\" \/>\n<script type=\"application\/ld+json\" class=\"yoast-schema-graph\">{\"@context\":\"https:\\\/\\\/schema.org\",\"@graph\":[{\"@type\":\"WebPage\",\"@id\":\"https:\\\/\\\/stav-net.com\\\/biographie\\\/\",\"url\":\"https:\\\/\\\/stav-net.com\\\/biographie\\\/\",\"name\":\"Biographie - StavNet\",\"isPartOf\":{\"@id\":\"https:\\\/\\\/stav-net.com\\\/#website\"},\"primaryImageOfPage\":{\"@id\":\"https:\\\/\\\/stav-net.com\\\/biographie\\\/#primaryimage\"},\"image\":{\"@id\":\"https:\\\/\\\/stav-net.com\\\/biographie\\\/#primaryimage\"},\"thumbnailUrl\":\"https:\\\/\\\/stav-net.com\\\/wp-content\\\/uploads\\\/2022\\\/06\\\/mickael-3-1.jpg\",\"datePublished\":\"2022-04-29T14:47:13+00:00\",\"dateModified\":\"2022-06-09T15:03:35+00:00\",\"breadcrumb\":{\"@id\":\"https:\\\/\\\/stav-net.com\\\/biographie\\\/#breadcrumb\"},\"inLanguage\":\"en-GB\",\"potentialAction\":[{\"@type\":\"ReadAction\",\"target\":[\"https:\\\/\\\/stav-net.com\\\/biographie\\\/\"]}]},{\"@type\":\"ImageObject\",\"inLanguage\":\"en-GB\",\"@id\":\"https:\\\/\\\/stav-net.com\\\/biographie\\\/#primaryimage\",\"url\":\"https:\\\/\\\/stav-net.com\\\/wp-content\\\/uploads\\\/2022\\\/06\\\/mickael-3-1.jpg\",\"contentUrl\":\"https:\\\/\\\/stav-net.com\\\/wp-content\\\/uploads\\\/2022\\\/06\\\/mickael-3-1.jpg\"},{\"@type\":\"BreadcrumbList\",\"@id\":\"https:\\\/\\\/stav-net.com\\\/biographie\\\/#breadcrumb\",\"itemListElement\":[{\"@type\":\"ListItem\",\"position\":1,\"name\":\"Accueil\",\"item\":\"https:\\\/\\\/stav-net.com\\\/\"},{\"@type\":\"ListItem\",\"position\":2,\"name\":\"Biographie\"}]},{\"@type\":\"WebSite\",\"@id\":\"https:\\\/\\\/stav-net.com\\\/#website\",\"url\":\"https:\\\/\\\/stav-net.com\\\/\",\"name\":\"StavNet\",\"description\":\"Just another WordPress site\",\"potentialAction\":[{\"@type\":\"SearchAction\",\"target\":{\"@type\":\"EntryPoint\",\"urlTemplate\":\"https:\\\/\\\/stav-net.com\\\/?s={search_term_string}\"},\"query-input\":{\"@type\":\"PropertyValueSpecification\",\"valueRequired\":true,\"valueName\":\"search_term_string\"}}],\"inLanguage\":\"en-GB\"}]}<\/script>\n<!-- \/ Yoast SEO plugin. -->","yoast_head_json":{"title":"Biographie - StavNet","robots":{"index":"index","follow":"follow","max-snippet":"max-snippet:-1","max-image-preview":"max-image-preview:large","max-video-preview":"max-video-preview:-1"},"canonical":"https:\/\/stav-net.com\/en\/biographie\/","og_locale":"en_GB","og_type":"article","og_title":"Biographie - StavNet","og_description":"Micka\u00ebl Parient\u00e9 (Hebrew: \u05de\u05d9\u05db\u05d0\u05dc \u05e4\u05e8\u05d9\u05d0\u05e0\u05d8\u05d4) est un auteur, \u00e9diteur et chroniqueur franco-isra\u00e9lien. Il est n\u00e9 en le 6 juin 1947 \u00e0 Meknes, Maroc, au temps de la pr\u00e9sence fran\u00e7aise. Ses romans, r\u00e9cits et tribunes sont publi\u00e9s r\u00e9guli\u00e8rement en Isra\u00ebl et en France. Il est membre du syndicat des journalistes de Tel Aviv member of Tel-Aviv [&hellip;]","og_url":"https:\/\/stav-net.com\/en\/biographie\/","og_site_name":"StavNet","article_modified_time":"2022-06-09T15:03:35+00:00","og_image":[{"url":"https:\/\/stav-net.com\/wp-content\/uploads\/2022\/06\/mickael-3-1.jpg","type":"","width":"","height":""}],"twitter_card":"summary_large_image","twitter_misc":{"Estimated reading time":"5 minutes"},"schema":{"@context":"https:\/\/schema.org","@graph":[{"@type":"WebPage","@id":"https:\/\/stav-net.com\/biographie\/","url":"https:\/\/stav-net.com\/biographie\/","name":"Biographie - StavNet","isPartOf":{"@id":"https:\/\/stav-net.com\/#website"},"primaryImageOfPage":{"@id":"https:\/\/stav-net.com\/biographie\/#primaryimage"},"image":{"@id":"https:\/\/stav-net.com\/biographie\/#primaryimage"},"thumbnailUrl":"https:\/\/stav-net.com\/wp-content\/uploads\/2022\/06\/mickael-3-1.jpg","datePublished":"2022-04-29T14:47:13+00:00","dateModified":"2022-06-09T15:03:35+00:00","breadcrumb":{"@id":"https:\/\/stav-net.com\/biographie\/#breadcrumb"},"inLanguage":"en-GB","potentialAction":[{"@type":"ReadAction","target":["https:\/\/stav-net.com\/biographie\/"]}]},{"@type":"ImageObject","inLanguage":"en-GB","@id":"https:\/\/stav-net.com\/biographie\/#primaryimage","url":"https:\/\/stav-net.com\/wp-content\/uploads\/2022\/06\/mickael-3-1.jpg","contentUrl":"https:\/\/stav-net.com\/wp-content\/uploads\/2022\/06\/mickael-3-1.jpg"},{"@type":"BreadcrumbList","@id":"https:\/\/stav-net.com\/biographie\/#breadcrumb","itemListElement":[{"@type":"ListItem","position":1,"name":"Accueil","item":"https:\/\/stav-net.com\/"},{"@type":"ListItem","position":2,"name":"Biographie"}]},{"@type":"WebSite","@id":"https:\/\/stav-net.com\/#website","url":"https:\/\/stav-net.com\/","name":"StavNet","description":"Just another WordPress site","potentialAction":[{"@type":"SearchAction","target":{"@type":"EntryPoint","urlTemplate":"https:\/\/stav-net.com\/?s={search_term_string}"},"query-input":{"@type":"PropertyValueSpecification","valueRequired":true,"valueName":"search_term_string"}}],"inLanguage":"en-GB"}]}},"_links":{"self":[{"href":"https:\/\/stav-net.com\/en\/wp-json\/wp\/v2\/pages\/668","targetHints":{"allow":["GET"]}}],"collection":[{"href":"https:\/\/stav-net.com\/en\/wp-json\/wp\/v2\/pages"}],"about":[{"href":"https:\/\/stav-net.com\/en\/wp-json\/wp\/v2\/types\/page"}],"author":[{"embeddable":true,"href":"https:\/\/stav-net.com\/en\/wp-json\/wp\/v2\/users\/1"}],"replies":[{"embeddable":true,"href":"https:\/\/stav-net.com\/en\/wp-json\/wp\/v2\/comments?post=668"}],"version-history":[{"count":20,"href":"https:\/\/stav-net.com\/en\/wp-json\/wp\/v2\/pages\/668\/revisions"}],"predecessor-version":[{"id":4620,"href":"https:\/\/stav-net.com\/en\/wp-json\/wp\/v2\/pages\/668\/revisions\/4620"}],"wp:attachment":[{"href":"https:\/\/stav-net.com\/en\/wp-json\/wp\/v2\/media?parent=668"}],"curies":[{"name":"wp","href":"https:\/\/api.w.org\/{rel}","templated":true}]}}